{"id":14708,"date":"2026-01-02T08:59:18","date_gmt":"2026-01-02T08:59:18","guid":{"rendered":"https:\/\/www.cocukdishekimiantalya.com\/?page_id=14708"},"modified":"2026-01-13T08:42:28","modified_gmt":"2026-01-13T08:42:28","slug":"hikaye-kitabimiz","status":"publish","type":"page","link":"https:\/\/www.cocukdishekimiantalya.com\/index.php\/hikaye-kitabimiz\/","title":{"rendered":"Hikaye Kitab\u0131m\u0131z"},"content":{"rendered":"\t\t<div data-elementor-type=\"wp-page\" data-elementor-id=\"14708\" class=\"elementor elementor-14708\">\n\t\t\t\t<div class=\"elementor-element elementor-element-7738e1a e-flex e-con-boxed e-con e-parent\" data-id=\"7738e1a\" data-element_type=\"container\">\n\t\t\t\t\t<div class=\"e-con-inner\">\n\t\t\t\t<div class=\"elementor-element elementor-element-aa55096 elementor-widget elementor-widget-heading\" data-id=\"aa55096\" data-element_type=\"widget\" data-widget_type=\"heading.default\">\n\t\t\t\t\t<h2 class=\"elementor-heading-title elementor-size-default\">Can ve Di\u015f Doktoru Maceralar\u0131 Serimiz ba\u015flad\u0131<\/h2>\t\t\t\t<\/div>\n\t\t\t\t\t<\/div>\n\t\t\t\t<\/div>\n\t\t<div class=\"elementor-element elementor-element-e29f330 e-flex e-con-boxed e-con e-parent\" data-id=\"e29f330\" data-element_type=\"container\">\n\t\t\t\t\t<div class=\"e-con-inner\">\n\t\t\t\t<div class=\"elementor-element elementor-element-7b91d59 elementor-widget elementor-widget-text-editor\" data-id=\"7b91d59\" data-element_type=\"widget\" data-widget_type=\"text-editor.default\">\n\t\t\t\t\t\t\t\t\t<p>Tamamen \u00fccretsiz olacak i\u00e7eri\u011fimiz d\u00fczenli aral\u0131klarla yenisi gelecek \u015fekilde yaln\u0131zca web sitemizden yay\u0131nlanacakt\u0131r. \u00c7ocuklar\u0131n di\u015f hekimine olumsuz yakla\u015f\u0131m\u0131n\u0131 ve korkusunu azaltabilecek i\u00e7eri\u011fimiz Dr.Altar taraf\u0131ndan titizlikle olu\u015fturulacakt\u0131r.\u00a0<\/p>\t\t\t\t\t\t\t\t<\/div>\n\t\t\t\t<div class=\"elementor-element elementor-element-1c56bd7 elementor-widget elementor-widget-text-editor\" data-id=\"1c56bd7\" data-element_type=\"widget\" data-widget_type=\"text-editor.default\">\n\t\t\t\t\t\t\t\t\t<p>2.Hikaye Kitab\u0131m\u0131z Yay\u0131nda!<\/p>\t\t\t\t\t\t\t\t<\/div>\n\t\t\t\t\t<\/div>\n\t\t\t\t<\/div>\n\t\t<div class=\"elementor-element elementor-element-275a6b8 e-flex e-con-boxed e-con e-parent\" data-id=\"275a6b8\" data-element_type=\"container\">\n\t\t\t\t\t<div class=\"e-con-inner\">\n\t\t\t\t<div class=\"elementor-element elementor-element-e12b20f elementor-widget elementor-widget-html\" data-id=\"e12b20f\" data-element_type=\"widget\" data-widget_type=\"html.default\">\n\t\t\t\t\t<div class=\"_df_book df-lite\" id=\"df_14766\"  _slug=\"can-dr-altar-ve-sihirli-safari\" data-title=\"can-dr-altar-ve-sihirli-safari\" wpoptions=\"true\" thumbtype=\"\" ><\/div><script class=\"df-shortcode-script\" nowprocket type=\"application\/javascript\">window.option_df_14766 = {\"outline\":[],\"autoEnableOutline\":\"false\",\"autoEnableThumbnail\":\"false\",\"overwritePDFOutline\":\"false\",\"direction\":\"1\",\"pageSize\":\"0\",\"source\":\"https:\\\/\\\/www.cocukdishekimiantalya.com\\\/wp-content\\\/uploads\\\/2026\\\/01\\\/Can-Dr.-Altar-ve-Sihirli-Safari-12.pdf\",\"wpOptions\":\"true\"}; if(window.DFLIP && window.DFLIP.parseBooks){window.DFLIP.parseBooks();}<\/script>\t\t\t\t<\/div>\n\t\t\t\t<div class=\"elementor-element elementor-element-ef00dd4 elementor-widget elementor-widget-html\" data-id=\"ef00dd4\" data-element_type=\"widget\" data-widget_type=\"html.default\">\n\t\t\t\t\t<div class=\"_df_book df-lite\" id=\"df_14710\"  _slug=\"hikaye-kitabi\" data-title=\"hikaye-kitabi\" wpoptions=\"true\" thumb=\"https:\/\/www.cocukdishekimiantalya.com\/wp-content\/uploads\/2026\/01\/Ekran-goruntusu-2026-01-02-123841.jpg\" thumbtype=\"\" ><\/div><script class=\"df-shortcode-script\" nowprocket type=\"application\/javascript\">window.option_df_14710 = {\"webgl\":\"false\",\"outline\":[],\"viewerType\":\"flipbook\",\"autoEnableOutline\":\"false\",\"autoEnableThumbnail\":\"false\",\"overwritePDFOutline\":\"false\",\"enableDownload\":\"false\",\"backgroundImage\":\"https:\\\/\\\/www.cocukdishekimiantalya.com\\\/wp-content\\\/uploads\\\/2025\\\/10\\\/istockphoto-1419895646-2048x2048-1.jpg\",\"direction\":\"1\",\"pageSize\":\"0\",\"soundEnable\":\"true\",\"source\":\"https:\\\/\\\/www.cocukdishekimiantalya.com\\\/wp-content\\\/uploads\\\/2026\\\/01\\\/Canin-Dis-Macerasi-ve-Kahraman-Dr.-Altar_compressed-1.pdf\",\"wpOptions\":\"true\"}; if(window.DFLIP && window.DFLIP.parseBooks){window.DFLIP.parseBooks();}<\/script>\t\t\t\t<\/div>\n\t\t\t\t\t<\/div>\n\t\t\t\t<\/div>\n\t\t\t\t<\/div>\n\t\t","protected":false},"excerpt":{"rendered":"<p>Can ve Di\u015f Doktoru Maceralar\u0131 Serimiz ba\u015flad\u0131 Tamamen \u00fccretsiz olacak i\u00e7eri\u011fimiz d\u00fczenli aral\u0131klarla yenisi gelecek \u015fekilde yaln\u0131zca web sitemizden yay\u0131nlanacakt\u0131r. \u00c7ocuklar\u0131n di\u015f hekimine olumsuz yakla\u015f\u0131m\u0131n\u0131 ve korkusunu azaltabilecek i\u00e7eri\u011fimiz Dr.Altar taraf\u0131ndan titizlikle olu\u015fturulacakt\u0131r.\u00a0 2.Hikaye Kitab\u0131m\u0131z Yay\u0131nda!<\/p>\n","protected":false},"author":1,"featured_media":0,"parent":0,"menu_order":0,"comment_status":"closed","ping_status":"closed","template":"","meta":{"_mi_skip_tracking":false,"footnotes":""},"class_list":["post-14708","page","type-page","status-publish","hentry"],"blocksy_meta":[],"_links":{"self":[{"href":"https:\/\/www.cocukdishekimiantalya.com\/index.php\/wp-json\/wp\/v2\/pages\/14708","targetHints":{"allow":["GET"]}}],"collection":[{"href":"https:\/\/www.cocukdishekimiantalya.com\/index.php\/wp-json\/wp\/v2\/pages"}],"about":[{"href":"https:\/\/www.cocukdishekimiantalya.com\/index.php\/wp-json\/wp\/v2\/types\/page"}],"author":[{"embeddable":true,"href":"https:\/\/www.cocukdishekimiantalya.com\/index.php\/wp-json\/wp\/v2\/users\/1"}],"replies":[{"embeddable":true,"href":"https:\/\/www.cocukdishekimiantalya.com\/index.php\/wp-json\/wp\/v2\/comments?post=14708"}],"version-history":[{"count":13,"href":"https:\/\/www.cocukdishekimiantalya.com\/index.php\/wp-json\/wp\/v2\/pages\/14708\/revisions"}],"predecessor-version":[{"id":14771,"href":"https:\/\/www.cocukdishekimiantalya.com\/index.php\/wp-json\/wp\/v2\/pages\/14708\/revisions\/14771"}],"wp:attachment":[{"href":"https:\/\/www.cocukdishekimiantalya.com\/index.php\/wp-json\/wp\/v2\/media?parent=14708"}],"curies":[{"name":"wp","href":"https:\/\/api.w.org\/{rel}","templated":true}]}}