{"id":13849,"date":"2025-10-30T21:45:23","date_gmt":"2025-10-30T21:45:23","guid":{"rendered":"https:\/\/www.cocukdishekimiantalya.com\/?page_id=13849"},"modified":"2025-11-12T13:38:39","modified_gmt":"2025-11-12T13:38:39","slug":"hakkimizda","status":"publish","type":"page","link":"https:\/\/www.cocukdishekimiantalya.com\/index.php\/hakkimizda\/","title":{"rendered":"Hakk\u0131m\u0131zda"},"content":{"rendered":"\t\t<div data-elementor-type=\"wp-page\" data-elementor-id=\"13849\" class=\"elementor elementor-13849\">\n\t\t\t\t<div class=\"elementor-element elementor-element-b4f7d10 e-flex e-con-boxed e-con e-parent\" data-id=\"b4f7d10\" data-element_type=\"container\">\n\t\t\t\t\t<div class=\"e-con-inner\">\n\t\t\t\t<div class=\"elementor-element elementor-element-852f70e elementor-widget__width-initial elementor-widget elementor-widget-elementskit-heading\" data-id=\"852f70e\" data-element_type=\"widget\" data-widget_type=\"elementskit-heading.default\">\n\t\t\t\t\t<div class=\"ekit-wid-con\" ><div class=\"ekit-heading elementskit-section-title-wraper center   ekit_heading_tablet-   ekit_heading_mobile-\"><h2 class=\"ekit-heading--title elementskit-section-title \">Dr. Altar Ate\u015f Hakk\u0131nda<\/h2><div class=\"ekit_heading_separetor_wraper ekit_heading_elementskit-border-divider ekit-dotted\"><div class=\"elementskit-border-divider ekit-dotted\"><\/div><\/div>\t\t\t\t<div class='ekit-heading__description'>\n\t\t\t\t\t<p><span style=\"color: #ffffff\">Mesleki ama\u00e7 olarak kendisini \u00e7ocuklara narkozsuz tedavi se\u00e7enekleri sunmaya adam\u0131\u015f bir \u00e7ocuk di\u015f hekimi<\/span><\/p>\n\t\t\t\t<\/div>\n\t\t\t<\/div><\/div>\t\t\t\t<\/div>\n\t\t<div class=\"elementor-element elementor-element-092f2c4 e-con-full e-flex e-con e-child\" data-id=\"092f2c4\" data-element_type=\"container\">\n\t\t\t\t<div class=\"elementor-element elementor-element-111db01 elementor-widget__width-inherit ekit-equal-height-disable elementor-invisible elementor-widget elementor-widget-elementskit-icon-box\" data-id=\"111db01\" data-element_type=\"widget\" data-settings=\"{&quot;_animation&quot;:&quot;fadeInLeft&quot;}\" data-widget_type=\"elementskit-icon-box.default\">\n\t\t\t\t\t<div class=\"ekit-wid-con\" >        <!-- link opening -->\n                <!-- end link opening -->\n\n        <div class=\"elementskit-infobox text-center text- icon-top-align elementor-animation-bob   \">\n                    <div class=\"elementskit-box-header elementor-animation-\">\n                <div class=\"elementskit-info-box-icon  \">\n                    <svg aria-hidden=\"true\" class=\"elementkit-infobox-icon e-font-icon-svg e-fas-university\" viewBox=\"0 0 512 512\" xmlns=\"http:\/\/www.w3.org\/2000\/svg\"><path d=\"M496 128v16a8 8 0 0 1-8 8h-24v12c0 6.627-5.373 12-12 12H60c-6.627 0-12-5.373-12-12v-12H24a8 8 0 0 1-8-8v-16a8 8 0 0 1 4.941-7.392l232-88a7.996 7.996 0 0 1 6.118 0l232 88A8 8 0 0 1 496 128zm-24 304H40c-13.255 0-24 10.745-24 24v16a8 8 0 0 0 8 8h464a8 8 0 0 0 8-8v-16c0-13.255-10.745-24-24-24zM96 192v192H60c-6.627 0-12 5.373-12 12v20h416v-20c0-6.627-5.373-12-12-12h-36V192h-64v192h-64V192h-64v192h-64V192H96z\"><\/path><\/svg>\n                <\/div>\n          <\/div>\n                        <div class=\"box-body\">\n                            <h3 class=\"elementskit-info-box-title\">\n                    E\u011fitim                <\/h3>\n                        \t\t  \t<p>Aslen Ankaral\u0131d\u0131r. Antalya Metin Nuran \u00c7akall\u0131kl\u0131 Anadolu Lisesi\u2019nden mezun olduktan sonra \u0130stanbul Yeniy\u00fczy\u0131l \u00dcniversitesi\u2019nden mezun oldu. Uzmanl\u0131k e\u011fitimini almak \u00fczere RTE\u00dc Di\u015f Hekimli\u011fi fak\u00fcltesinde g\u00f6rev yapm\u0131\u015ft\u0131r. Ayr\u0131ca Yak\u0131n Do\u011fu \u00dcniversitesi'nde de \u00e7e\u015fitli \u00e7al\u0131\u015fmalarda bulunmu\u015ftur.<\/p>\n                                <\/div>\n        \n        \n                <\/div>\n        <\/div>\t\t\t\t<\/div>\n\t\t\t\t<div class=\"elementor-element elementor-element-1ddf620 elementor-widget__width-inherit ekit-equal-height-disable elementor-invisible elementor-widget elementor-widget-elementskit-icon-box\" data-id=\"1ddf620\" data-element_type=\"widget\" data-settings=\"{&quot;_animation&quot;:&quot;fadeInUp&quot;}\" data-widget_type=\"elementskit-icon-box.default\">\n\t\t\t\t\t<div class=\"ekit-wid-con\" >        <!-- link opening -->\n                <!-- end link opening -->\n\n        <div class=\"elementskit-infobox text-center text- icon-top-align elementor-animation-bob   \">\n                    <div class=\"elementskit-box-header elementor-animation-\">\n                <div class=\"elementskit-info-box-icon  \">\n                    <i aria-hidden=\"true\" class=\"elementkit-infobox-icon icon icon-review\"><\/i>\n                <\/div>\n          <\/div>\n                        <div class=\"box-body\">\n                            <h3 class=\"elementskit-info-box-title\">\n                    Yapt\u0131\u011f\u0131 \u00c7al\u0131\u015fmalar                <\/h3>\n                        \t\t  \t<p>Uzmanl\u0131\u011f\u0131 s\u00fcresince bir\u00e7ok dikkat \u00e7eken \u00e7al\u0131\u015fmada bulundu. Bunlar\u0131n en ba\u015f\u0131nda \u00e7ocuklarda genel anestezi ihtiyac\u0131n\u0131 azaltma i\u00e7in davran\u0131\u015fsal yakla\u015f\u0131m teknikleri, di\u015f yap\u0131s\u0131n\u0131 taklit eden yenilik\u00e7i maddeler ve yer tutucular\u0131n halk \u00fczerindeki bilinirli\u011fi \u00fczerine yapt\u0131\u011f\u0131 \u00e7al\u0131\u015fmalar yer alm\u0131\u015ft\u0131r.Bu yapt\u0131\u011f\u0131 \u00e7al\u0131\u015fmalar uluslararas\u0131 dergilerde yay\u0131mlanm\u0131\u015ft\u0131r. Ayr\u0131ca Narkozsuz Di\u015f Hekimli\u011fi \u00fczerine hekimlere e\u011fitim de vermektedir<\/p>\n                                <\/div>\n        \n        \n                <\/div>\n        <\/div>\t\t\t\t<\/div>\n\t\t\t\t<div class=\"elementor-element elementor-element-a78b8b5 elementor-widget__width-inherit ekit-equal-height-disable elementor-invisible elementor-widget elementor-widget-elementskit-icon-box\" data-id=\"a78b8b5\" data-element_type=\"widget\" data-settings=\"{&quot;_animation&quot;:&quot;fadeInRight&quot;}\" data-widget_type=\"elementskit-icon-box.default\">\n\t\t\t\t\t<div class=\"ekit-wid-con\" >        <!-- link opening -->\n                <a href=\"#\" class=\"ekit_global_links\">\n                <!-- end link opening -->\n\n        <div class=\"elementskit-infobox text-center text- icon-top-align elementor-animation-bob   \">\n                    <div class=\"elementskit-box-header elementor-animation-\">\n                <div class=\"elementskit-info-box-icon  \">\n                    <i aria-hidden=\"true\" class=\"elementkit-infobox-icon icon icon-doctor\"><\/i>\n                <\/div>\n          <\/div>\n                        <div class=\"box-body\">\n                            <h3 class=\"elementskit-info-box-title\">\n                    \u00d6nc\u00fc Hekim                <\/h3>\n                        \t\t  \t<p>\u00c7ocuklarda narkozsuz di\u015f tedaivilerinin yayg\u0131nla\u015fmas\u0131nda \u00f6nc\u00fc hekimdir. Kendi geli\u015ftirdi\u011fi narkozsuz tedaviler binlerce \u00e7ocu\u011fa narkozsuz tedavi umudu olmu\u015ftur.\n\nMeslek hayat\u0131n\u0131 uyumlu olmayan \u00e7ocuklar\u0131 di\u015f hekimli\u011fi koltu\u011funa oturtarak tedavi edebilmek \u00fczere kurmu\u015ftur.<\/p>\n                                <\/div>\n        \n        \n                <\/div>\n                <\/a>\n        <\/div>\t\t\t\t<\/div>\n\t\t\t\t<\/div>\n\t\t\t\t\t<\/div>\n\t\t\t\t<\/div>\n\t\t<div class=\"elementor-element elementor-element-89cf975 e-flex e-con-boxed e-con e-child\" data-id=\"89cf975\" data-element_type=\"container\">\n\t\t\t\t\t<div class=\"e-con-inner\">\n\t\t<div class=\"elementor-element elementor-element-c6429bf e-con-full e-flex e-con e-child\" data-id=\"c6429bf\" data-element_type=\"container\">\n\t\t\t\t<div class=\"elementor-element elementor-element-dc15192 animated-slow elementor-invisible elementor-widget elementor-widget-heading\" data-id=\"dc15192\" data-element_type=\"widget\" data-settings=\"{&quot;_animation&quot;:&quot;fadeIn&quot;}\" data-widget_type=\"heading.default\">\n\t\t\t\t\t<h2 class=\"elementor-heading-title elementor-size-default\">Vizyon &amp; De\u011ferler<\/h2>\t\t\t\t<\/div>\n\t\t\t\t<div class=\"elementor-element elementor-element-940f771 animated-slow elementor-invisible elementor-widget elementor-widget-heading\" data-id=\"940f771\" data-element_type=\"widget\" data-settings=\"{&quot;_animation&quot;:&quot;fadeIn&quot;}\" data-widget_type=\"heading.default\">\n\t\t\t\t\t<p class=\"elementor-heading-title elementor-size-default\">Her \u00e7ocu\u011fun g\u00fcl\u00fcmsemesini korumak ana bir \u00e7ocuk di\u015f hekiminin ana hedefidir. Bu y\u00fczden \u201ctravmatik olmayan muayene\u201d anlay\u0131\u015f\u0131yla, klini\u011fi sadece tedavi alan\u0131 de\u011fil ayn\u0131 zamanda g\u00fcvenli bir \u00f6\u011frenme ve sa\u011fl\u0131k ortam\u0131 olarak kurguluyorum.<br>\nTeknolojiyi ve yenilikleri yak\u0131ndan takip ediyorum. \u00d6rne\u011fin, \u00e7ocuk di\u015f hekimli\u011finde yer tutucu uygulamalar\u0131, ileri kompozit restorasyonlar, zirkonyum kronlar gibi alanlarda g\u00fcncel bilgiyle \u00e7al\u0131\u015f\u0131yorum.<\/p>\t\t\t\t<\/div>\n\t\t\t\t<div class=\"elementor-element elementor-element-141ce70 animated-slow elementor-invisible elementor-widget elementor-widget-heading\" data-id=\"141ce70\" data-element_type=\"widget\" data-settings=\"{&quot;_animation&quot;:&quot;fadeIn&quot;}\" data-widget_type=\"heading.default\">\n\t\t\t\t\t<h2 class=\"elementor-heading-title elementor-size-default\">Hizmet Alanlar\u0131<\/h2>\t\t\t\t<\/div>\n\t\t\t\t<div class=\"elementor-element elementor-element-3a23fe8 elementor-widget elementor-widget-text-editor\" data-id=\"3a23fe8\" data-element_type=\"widget\" data-widget_type=\"text-editor.default\">\n\t\t\t\t\t\t\t\t\t<div dir=\"auto\"><span style=\"color: #ffffff;\">0\u201318 ya\u015f \u00e7ocuklarda di\u015f \u00e7\u00fcr\u00fckleri, s\u00fct di\u015fi ve daimi di\u015f \u00e7ekimi ve \u00f6zellikli di\u015f hastal\u0131klar\u0131n\u0131n tedavisi<\/span><\/div><div dir=\"auto\"><span style=\"color: #ffffff;\">\u0130\u011fnesiz lokal anestezi ile dolgu, kanal tedavisi<\/span><\/div><div dir=\"auto\"><span style=\"color: #ffffff;\">Zor davran\u0131\u015fl\u0131 \u00e7ocuklarda genel anestezi alt\u0131nda tek seans tedaviler<\/span><\/div><div dir=\"auto\"><span style=\"color: #ffffff;\">Koruyucu di\u015f hekimli\u011fi (fiss\u00fcr \u00f6rt\u00fcc\u00fc, yer tutucu, erken ortodontik de\u011ferlendirme)<\/span><\/div><div dir=\"auto\"><span style=\"color: #ffffff;\">Estetik \u00e7ocuk di\u015f hekimli\u011fi (zirkonyum kron, lamina gibi uygulamalar)<\/span><\/div>\t\t\t\t\t\t\t\t<\/div>\n\t\t\t\t<\/div>\n\t\t\t\t\t<\/div>\n\t\t\t\t<\/div>\n\t\t\t\t<\/div>\n\t\t","protected":false},"excerpt":{"rendered":"<p>Dr. Altar Ate\u015f Hakk\u0131nda Mesleki ama\u00e7 olarak kendisini \u00e7ocuklara narkozsuz tedavi se\u00e7enekleri sunmaya adam\u0131\u015f bir \u00e7ocuk di\u015f hekimi E\u011fitim Aslen Ankaral\u0131d\u0131r. Antalya Metin Nuran \u00c7akall\u0131kl\u0131 Anadolu Lisesi\u2019nden mezun olduktan sonra \u0130stanbul Yeniy\u00fczy\u0131l \u00dcniversitesi\u2019nden mezun oldu. Uzmanl\u0131k e\u011fitimini almak \u00fczere RTE\u00dc Di\u015f Hekimli\u011fi fak\u00fcltesinde g\u00f6rev yapm\u0131\u015ft\u0131r. Ayr\u0131ca Yak\u0131n Do\u011fu \u00dcniversitesi&#8217;nde de \u00e7e\u015fitli \u00e7al\u0131\u015fmalarda bulunmu\u015ftur. Yapt\u0131\u011f\u0131 \u00c7al\u0131\u015fmalar [&hellip;]<\/p>\n","protected":false},"author":1,"featured_media":0,"parent":0,"menu_order":0,"comment_status":"closed","ping_status":"closed","template":"elementor_theme","meta":{"_mi_skip_tracking":false,"footnotes":""},"class_list":["post-13849","page","type-page","status-publish","hentry"],"blocksy_meta":[],"_links":{"self":[{"href":"https:\/\/www.cocukdishekimiantalya.com\/index.php\/wp-json\/wp\/v2\/pages\/13849","targetHints":{"allow":["GET"]}}],"collection":[{"href":"https:\/\/www.cocukdishekimiantalya.com\/index.php\/wp-json\/wp\/v2\/pages"}],"about":[{"href":"https:\/\/www.cocukdishekimiantalya.com\/index.php\/wp-json\/wp\/v2\/types\/page"}],"author":[{"embeddable":true,"href":"https:\/\/www.cocukdishekimiantalya.com\/index.php\/wp-json\/wp\/v2\/users\/1"}],"replies":[{"embeddable":true,"href":"https:\/\/www.cocukdishekimiantalya.com\/index.php\/wp-json\/wp\/v2\/comments?post=13849"}],"version-history":[{"count":10,"href":"https:\/\/www.cocukdishekimiantalya.com\/index.php\/wp-json\/wp\/v2\/pages\/13849\/revisions"}],"predecessor-version":[{"id":14596,"href":"https:\/\/www.cocukdishekimiantalya.com\/index.php\/wp-json\/wp\/v2\/pages\/13849\/revisions\/14596"}],"wp:attachment":[{"href":"https:\/\/www.cocukdishekimiantalya.com\/index.php\/wp-json\/wp\/v2\/media?parent=13849"}],"curies":[{"name":"wp","href":"https:\/\/api.w.org\/{rel}","templated":true}]}}