{"id":13848,"date":"2025-10-30T21:45:23","date_gmt":"2025-10-30T21:45:23","guid":{"rendered":"https:\/\/www.cocukdishekimiantalya.com\/?page_id=13848"},"modified":"2025-11-12T09:56:11","modified_gmt":"2025-11-12T09:56:11","slug":"gizlilik-politikasi","status":"publish","type":"page","link":"https:\/\/www.cocukdishekimiantalya.com\/index.php\/gizlilik-politikasi\/","title":{"rendered":"KVKK"},"content":{"rendered":"\t\t<div data-elementor-type=\"wp-page\" data-elementor-id=\"13848\" class=\"elementor elementor-13848\">\n\t\t\t\t<div class=\"elementor-element elementor-element-8a15c99 e-flex e-con-boxed e-con e-parent\" data-id=\"8a15c99\" data-element_type=\"container\">\n\t\t\t\t\t<div class=\"e-con-inner\">\n\t\t\t\t<div class=\"elementor-element elementor-element-9820b23 elementor-widget elementor-widget-heading\" data-id=\"9820b23\" data-element_type=\"widget\" data-widget_type=\"heading.default\">\n\t\t\t\t\t<h2 class=\"elementor-heading-title elementor-size-default\">KVKK<\/h2>\t\t\t\t<\/div>\n\t\t\t\t\t<\/div>\n\t\t\t\t<\/div>\n\t\t<div class=\"elementor-element elementor-element-81a9b12 e-flex e-con-boxed e-con e-parent\" data-id=\"81a9b12\" data-element_type=\"container\">\n\t\t\t\t\t<div class=\"e-con-inner\">\n\t\t\t\t<div class=\"elementor-element elementor-element-0d9219e elementor-widget elementor-widget-text-editor\" data-id=\"0d9219e\" data-element_type=\"widget\" data-widget_type=\"text-editor.default\">\n\t\t\t\t\t\t\t\t\t<p dir=\"ltr\" style=\"text-align: center;\"><span style=\"color: #ffffff;\"><strong>G\u0130ZL\u0130L\u0130K VE K\u0130\u015e\u0130SEL VER\u0130LER\u0130N KORUNMASI&nbsp;<\/strong><\/span><\/p>\n<p dir=\"ltr\"><span style=\"color: #ffffff;\"><strong>&nbsp; &nbsp; &nbsp; &nbsp; &nbsp; &nbsp; &nbsp; &nbsp; &nbsp; &nbsp; &nbsp; &nbsp; &nbsp; &nbsp; &nbsp; &nbsp; &nbsp; &nbsp; &nbsp; &nbsp; &nbsp; &nbsp; &nbsp; &nbsp; &nbsp; &nbsp; &nbsp; &nbsp; &nbsp; &nbsp; &nbsp; &nbsp; &nbsp; &nbsp; &nbsp; &nbsp; &nbsp; &nbsp; &nbsp; &nbsp; &nbsp; &nbsp; &nbsp; &nbsp; &nbsp; &nbsp; &nbsp; &nbsp; &nbsp; &nbsp; &nbsp; POL\u0130T\u0130KASI<\/strong><\/span><\/p>\n<p dir=\"ltr\"><span style=\"color: #ffffff;\"><strong>Veri sorumlusu olarak gizlili\u011fin sa\u011flanmas\u0131 ve ki\u015fisel verilerin korunmas\u0131 amac\u0131yla her t\u00fcrl\u00fc g\u00fcvenlik \u00f6nlemleri al\u0131nmakta ve hukuki y\u00fck\u00fcml\u00fcl\u00fckler yerine getirilmektedir.&nbsp;<\/strong><\/span><\/p>\n<p dir=\"ltr\"><span style=\"color: #ffffff;\"><strong>1. AMA\u00c7:<\/strong><\/span><\/p>\n<p dir=\"ltr\"><span style=\"color: #ffffff;\"><strong>Gizlilik ilkesini, insan onurunu ve insan\u0131n kendi kendine d\u00fc\u015f\u00fcn\u00fcp karar verme (Yaln\u0131z Kalma Hakk\u0131) hakk\u0131 olarak g\u00f6rmekteyiz. Bu nedenle bu politika metni internet sistemiz \u00fczerinden ne gibi ki\u015fisel verilerin al\u0131nd\u0131\u011f\u0131 ve kullan\u0131m ama\u00e7lar\u0131n\u0131n neler oldu\u011fu konusunda sizleri ayd\u0131nlatmak amac\u0131yla haz\u0131rlanm\u0131\u015ft\u0131r.<\/strong><\/span><\/p>\n<p dir=\"ltr\"><span style=\"color: #ffffff;\"><strong>2. VER\u0130 SORUMLUSU K\u0130ML\u0130\u011e\u0130:<\/strong><\/span><\/p>\n<p dir=\"ltr\"><span style=\"color: #ffffff;\"><strong>Veri sorumlusu hakk\u0131ndaki t\u00fcm resmi bilgiler a\u015fa\u011f\u0131daki gibidir. Politika metninde s\u00fcrekli olarak taraflar\u0131n isimlerinin yaz\u0131lmamas\u0131 i\u00e7in k\u0131saltma belirlenmi\u015ftir. Politika metninin devam eden b\u00f6l\u00fcmlerinde taraflar bu k\u0131saltma s\u00f6zc\u00fcklerle ifade edilir.<\/strong><\/span><\/p>\n<table>\n<tbody>\n<tr>\n<td>\n<p><span style=\"color: #ffffff;\">&nbsp;<\/span><\/p>\n<p dir=\"ltr\"><span style=\"color: #ffffff;\"><strong>VER\u0130 SORUMLUSU<\/strong><\/span><\/p>\n<\/td>\n<td>\n<p><span style=\"color: #ffffff;\">&nbsp;<\/span><\/p>\n<p dir=\"ltr\"><span style=\"color: #ffffff;\"><strong>Adres<\/strong><\/span><\/p>\n<\/td>\n<td>\n<p dir=\"ltr\"><span style=\"color: #ffffff;\"><strong>Politikadaki An\u0131ld\u0131\u011f\u0131 \u0130sim<\/strong><\/span><\/p>\n<\/td>\n<td>\n<p dir=\"ltr\"><span style=\"color: #ffffff;\"><strong>Politikadaki Rol\u00fc<\/strong><\/span><\/p>\n<\/td>\n<\/tr>\n<tr>\n<td>\n<p><span style=\"color: #ffffff;\">&nbsp;Dr.Altar Ate\u015f Muayeneanesi<\/span><\/p>\n<p dir=\"ltr\">\n<\/p><\/td>\n<td>&nbsp;<\/td>\n<td>\n<p><span style=\"color: #ffffff;\">&nbsp;<\/span><\/p>\n<p dir=\"ltr\"><span style=\"color: #ffffff;\"><strong>Veri Sorumlusu<\/strong><\/span><\/p>\n<\/td>\n<td>\n<p><span style=\"color: #ffffff;\">&nbsp;<\/span><\/p>\n<p dir=\"ltr\"><span style=\"color: #ffffff;\"><strong>Veri Sorumlusu<\/strong><\/span><\/p>\n<\/td>\n<\/tr>\n<\/tbody>\n<\/table>\n<p dir=\"ltr\"><span style=\"color: #ffffff;\"><strong>3. K\u0130\u015e\u0130SEL VER\u0130LER\u0130N \u0130\u015eLENMES\u0130 DAYANA\u011eI VE AMA\u00c7LARI:<\/strong><\/span><\/p>\n<p dir=\"ltr\"><span style=\"color: #ffffff;\"><strong>Siz ilgili ki\u015filere daha iyi hizmet sunabilme ve kanundan kaynaklanan y\u00fck\u00fcml\u00fcl\u00fckleri yerine getirme ama\u00e7lar\u0131yla bu i\u015flemlerle s\u0131n\u0131r olmak \u00fczere baz\u0131 ki\u015fisel verilerin i\u015flenmesine ihtiya\u00e7 duymaktay\u0131z.&nbsp;<\/strong><\/span><\/p>\n<p dir=\"ltr\"><span style=\"color: #ffffff;\"><strong>6698 say\u0131l\u0131 Ki\u015fisel Verilerin Korunmas\u0131 Kanunu\u2019nun 5. maddesinde belirtilen;<\/strong><\/span><\/p>\n<p dir=\"ltr\"><span style=\"color: #ffffff;\"><strong>1) Ki\u015fisel veriler ilgili ki\u015finin a\u00e7\u0131k r\u0131zas\u0131 olmaks\u0131z\u0131n i\u015flenemez.<\/strong><\/span><\/p>\n<p dir=\"ltr\"><span style=\"color: #ffffff;\"><strong>(2) A\u015fa\u011f\u0131daki \u015fartlardan birinin varl\u0131\u011f\u0131 h\u00e2linde, ilgili ki\u015finin a\u00e7\u0131k r\u0131zas\u0131 aranmaks\u0131z\u0131n ki\u015fisel verilerinin i\u015flenmesi m\u00fcmk\u00fcnd\u00fcr:<\/strong><\/span><\/p>\n<p dir=\"ltr\"><span style=\"color: #ffffff;\"><strong>a) Kanunlarda a\u00e7\u0131k\u00e7a \u00f6ng\u00f6r\u00fclmesi.<\/strong><\/span><\/p>\n<p dir=\"ltr\"><span style=\"color: #ffffff;\"><strong>b) Fiili imk\u00e2ns\u0131zl\u0131k nedeniyle r\u0131zas\u0131n\u0131 a\u00e7\u0131klayamayacak durumda bulunan veya r\u0131zas\u0131na hukuki ge\u00e7erlilik tan\u0131nmayan ki\u015finin kendisinin ya da bir ba\u015fkas\u0131n\u0131n hayat\u0131 veya beden b\u00fct\u00fcnl\u00fc\u011f\u00fcn\u00fcn korunmas\u0131 i\u00e7in zorunlu olmas\u0131.<\/strong><\/span><\/p>\n<p dir=\"ltr\"><span style=\"color: #ffffff;\"><strong>c) Bir s\u00f6zle\u015fmenin kurulmas\u0131 veya ifas\u0131yla do\u011frudan do\u011fruya ilgili olmas\u0131 kayd\u0131yla, s\u00f6zle\u015fmenin taraflar\u0131na ait ki\u015fisel verilerin i\u015flenmesinin gerekli olmas\u0131.<\/strong><\/span><\/p>\n<p dir=\"ltr\"><span style=\"color: #ffffff;\"><strong>\u00e7) Veri sorumlusunun hukuki y\u00fck\u00fcml\u00fcl\u00fc\u011f\u00fcn\u00fc yerine getirebilmesi i\u00e7in zorunlu olmas\u0131.<\/strong><\/span><\/p>\n<p dir=\"ltr\"><span style=\"color: #ffffff;\"><strong>d) \u0130lgili ki\u015finin kendisi taraf\u0131ndan alenile\u015ftirilmi\u015f olmas\u0131.<\/strong><\/span><\/p>\n<p dir=\"ltr\"><span style=\"color: #ffffff;\"><strong>e) Bir hakk\u0131n tesisi, kullan\u0131lmas\u0131 veya korunmas\u0131 i\u00e7in veri i\u015flemenin zorunlu olmas\u0131.<\/strong><\/span><\/p>\n<p dir=\"ltr\"><span style=\"color: #ffffff;\"><strong>f) \u0130lgili ki\u015finin temel hak ve \u00f6zg\u00fcrl\u00fcklerine zarar vermemek kayd\u0131yla, veri sorumlusunun me\u015fru menfaatleri i\u00e7in veri i\u015flenmesinin zorunlu olmas\u0131.<\/strong><\/span><\/p>\n<p dir=\"ltr\"><span style=\"color: #ffffff;\"><strong>Hukuki sebeplerine dayanarak i\u015flenmektedir.<\/strong><\/span><\/p>\n<p dir=\"ltr\"><span style=\"color: #ffffff;\"><strong>Her bir veri i\u015fleme s\u00fcreci ile ilgili bilgi almak i\u00e7in ilgili ayd\u0131nlatma metnine internet sitemiz veya yetkili personelimiz arac\u0131l\u0131\u011f\u0131yla ula\u015fabilirsiniz.<\/strong><\/span><\/p>\n<p dir=\"ltr\"><span style=\"color: #ffffff;\"><strong>Ayr\u0131ca internet sitemizde \u00e7e\u015fitli \u00e7erezler kullan\u0131lmaktad\u0131r. \u00c7erezler konusunda daha ayr\u0131nt\u0131l\u0131 bilgi i\u00e7in internet sitemizde yer alan \u201c\u00c7erez Politikas\u0131\u201d metnini inceleyebilirsiniz.<\/strong><\/span><\/p>\n<p dir=\"ltr\"><span style=\"color: #ffffff;\"><strong>4. K\u0130\u015e\u0130SEL VER\u0130LER\u0130N AKTARILMASI:<\/strong><\/span><\/p>\n<p dir=\"ltr\"><span style=\"color: #ffffff;\"><strong>\u0130nternet sitesi \u00fczerinden toplad\u0131\u011f\u0131m\u0131z ki\u015fisel verileriniz, a\u015fa\u011f\u0131da a\u00e7\u0131klanm\u0131\u015f olan toplama y\u00f6ntemlerine uygun \u015fekilde toplanarak i\u015flenmektedir. Ki\u015fisel verilerin aktar\u0131lmas\u0131 6698 say\u0131l\u0131 Ki\u015fisel Verilerin Korunmas\u0131 Kanunu\u2019nun 8. Maddesinde belirtilen;<\/strong><\/span><\/p>\n<p dir=\"ltr\"><span style=\"color: #ffffff;\"><strong>(1) Ki\u015fisel veriler, ilgili ki\u015finin a\u00e7\u0131k r\u0131zas\u0131 olmaks\u0131z\u0131n aktar\u0131lamaz.<\/strong><\/span><\/p>\n<p dir=\"ltr\"><span style=\"color: #ffffff;\"><strong>(2) Ki\u015fisel veriler;<\/strong><\/span><\/p>\n<p dir=\"ltr\"><span style=\"color: #ffffff;\"><strong>a) 5 inci maddenin ikinci f\u0131kras\u0131nda,<\/strong><\/span><\/p>\n<p dir=\"ltr\"><span style=\"color: #ffffff;\"><strong>b) Yeterli \u00f6nlemler al\u0131nmak kayd\u0131yla, 6\u2019nc\u0131 maddenin \u00fc\u00e7\u00fcnc\u00fc f\u0131kras\u0131nda,<\/strong><\/span><\/p>\n<p dir=\"ltr\"><span style=\"color: #ffffff;\"><strong>belirtilen \u015fartlardan birinin bulunmas\u0131 h\u00e2linde, ilgili ki\u015finin a\u00e7\u0131k r\u0131zas\u0131 aranmaks\u0131z\u0131n aktar\u0131labilir.<\/strong><\/span><\/p>\n<p dir=\"ltr\"><span style=\"color: #ffffff;\"><strong>(3) Ki\u015fisel verilerin aktar\u0131lmas\u0131na ili\u015fkin di\u011fer kanunlarda yer alan h\u00fck\u00fcmler sakl\u0131d\u0131r. \u015eartlar\u0131na uygun \u015fekilde aktar\u0131lmaktad\u0131r.<\/strong><\/span><\/p>\n<p dir=\"ltr\"><span style=\"color: #ffffff;\"><strong>Ki\u015fisel verileriniz ilgili ayd\u0131nlatma metninde belirtilen ki\u015filere yukar\u0131da madde uygun \u015fekilde aktar\u0131lmaktad\u0131r.<\/strong><\/span><\/p>\n<p dir=\"ltr\"><span style=\"color: #ffffff;\"><strong>5. K\u0130\u015e\u0130SEL VER\u0130LER\u0130N TOPLANMA Y\u00d6NTEMLER\u0130 VE AMA\u00c7LARI:<\/strong><\/span><\/p>\n<p dir=\"ltr\"><span style=\"color: #ffffff;\"><strong>Ki\u015fisel verilerin toplanmas\u0131ndaki temel amac\u0131m\u0131z, sa\u011flam\u0131\u015f oldu\u011fumuz hizmetlerimizi iyile\u015ftirmek ve siz ilgili ki\u015filerle ileti\u015fimin sa\u011flanmas\u0131d\u0131r. Ayr\u0131ca bu politikan\u0131n 3.maddesinde a\u00e7\u0131klam\u0131\u015f oldu\u011fumuz ama\u00e7lar\u0131m\u0131z da bulunmaktad\u0131r.<\/strong><\/span><\/p>\n<p dir=\"ltr\"><span style=\"color: #ffffff;\"><strong>Ki\u015fisel verileriniz ilgili ayd\u0131nlatma metninde belirtilen toplanma y\u00f6ntemine g\u00f6re toplanarak i\u015flenmektedir.<\/strong><\/span><\/p>\n<p dir=\"ltr\"><span style=\"color: #ffffff;\"><strong>6. \u0130LG\u0130L\u0130 K\u0130\u015e\u0130N\u0130N SAH\u0130P OLDU\u011eU HAKLAR:<\/strong><\/span><\/p>\n<p dir=\"ltr\"><span style=\"color: #ffffff;\"><strong>\u0130lgili ki\u015fi 6698 say\u0131l\u0131 Ki\u015fisel Verilerin Korunmas\u0131 Kanunu\u2019nun 11.maddesinde belirtilmi\u015f olan haklara sahiptir. \u0130lgili ki\u015fi ilgili Kanun h\u00fckm\u00fc gere\u011fince:<\/strong><\/span><\/p>\n<p dir=\"ltr\"><span style=\"color: #ffffff;\"><strong>a) Ki\u015fisel veri i\u015flenip i\u015flenmedi\u011fini \u00f6\u011frenme,<\/strong><\/span><\/p>\n<p dir=\"ltr\"><span style=\"color: #ffffff;\"><strong>b) Ki\u015fisel verileri i\u015flenmi\u015fse buna ili\u015fkin bilgi talep etme,<\/strong><\/span><\/p>\n<p dir=\"ltr\"><span style=\"color: #ffffff;\"><strong>c) Ki\u015fisel verilerin i\u015flenme amac\u0131n\u0131 ve bunlar\u0131n amac\u0131na uygun kullan\u0131l\u0131p kullan\u0131lmad\u0131\u011f\u0131n\u0131 \u00f6\u011frenme,<\/strong><\/span><\/p>\n<p dir=\"ltr\"><span style=\"color: #ffffff;\"><strong>\u00e7) Yurt i\u00e7inde veya yurt d\u0131\u015f\u0131nda ki\u015fisel verilerin aktar\u0131ld\u0131\u011f\u0131 \u00fc\u00e7\u00fcnc\u00fc ki\u015fileri bilme,<\/strong><\/span><\/p>\n<p dir=\"ltr\"><span style=\"color: #ffffff;\"><strong>d) Ki\u015fisel verilerin eksik veya yanl\u0131\u015f i\u015flenmi\u015f olmas\u0131 h\u00e2linde bunlar\u0131n d\u00fczeltilmesini isteme,<\/strong><\/span><\/p>\n<p dir=\"ltr\"><span style=\"color: #ffffff;\"><strong>e) 7\u2019nci maddede \u00f6ng\u00f6r\u00fclen \u015fartlar \u00e7er\u00e7evesinde ki\u015fisel verilerin silinmesini veya yok edilmesini isteme,<\/strong><\/span><\/p>\n<p dir=\"ltr\"><span style=\"color: #ffffff;\"><strong>f) (d) ve (e) bentleri uyar\u0131nca yap\u0131lan i\u015flemlerin, ki\u015fisel verilerin aktar\u0131ld\u0131\u011f\u0131 \u00fc\u00e7\u00fcnc\u00fc ki\u015filere bildirilmesini isteme,<\/strong><\/span><\/p>\n<p dir=\"ltr\"><span style=\"color: #ffffff;\"><strong>g) \u0130\u015flenen verilerin m\u00fcnhas\u0131ran otomatik sistemler vas\u0131tas\u0131yla analiz edilmesi suretiyle ki\u015finin kendisi aleyhine bir sonucun ortaya \u00e7\u0131kmas\u0131na itiraz etme,<\/strong><\/span><\/p>\n<p dir=\"ltr\"><span style=\"color: #ffffff;\"><strong>\u011f) Ki\u015fisel verilerin kanuna ayk\u0131r\u0131 olarak i\u015flenmesi sebebiyle zarara u\u011framas\u0131 h\u00e2linde zarar\u0131n giderilmesini talep etme,<\/strong><\/span><\/p>\n<p dir=\"ltr\"><span style=\"color: #ffffff;\"><strong>haklar\u0131na sahiptir. \u0130lgili ki\u015fi yukar\u0131da say\u0131lan haklardan bir veya birka\u00e7\u0131n\u0131 kullanmak isterse \u201cVeri Sahibi Ba\u015fvuru Formu\u201dnu doldurup veri sorumlusuna a\u015fa\u011f\u0131da say\u0131lan y\u00f6ntemlerden birisiyle hakk\u0131n\u0131 kullanma y\u00f6n\u00fcndeki talebini iletebilir. Ba\u015fvuru taraf\u0131m\u0131za yap\u0131ld\u0131ktan sonra en ge\u00e7 \u201c30 g\u00fcn\u201d i\u00e7erisinde ba\u015fvuru sonu\u00e7lan\u0131r ve ilgili ki\u015fiye gerekli bilgilendirme yap\u0131l\u0131r. Ba\u015fvuru yapan ilgili ki\u015fiye 30 g\u00fcnl\u00fck yasal s\u00fcre i\u00e7erisinde d\u00f6n\u00fct yap\u0131labilmesi i\u00e7in ilgili ki\u015finin ileti\u015fim verilerinin g\u00fcncel olmas\u0131 ve ilgili ki\u015fiye eri\u015filebilir olmas\u0131 elzemdir. Ba\u015fvuru formunun yanl\u0131\u015f veya eksik doldurulmas\u0131ndan kaynakl\u0131 olarak ilgili ki\u015finin hakk\u0131n\u0131 kullanamamas\u0131 durumundan veri sorumlusuna kusur atfedilemez. Nitekim ilgili ki\u015filerin veri sorumlusuna a\u00e7\u0131klad\u0131\u011f\u0131 ve aktard\u0131\u011f\u0131 verilerin g\u00fcncel ve do\u011fru olmas\u0131 ilgili ki\u015finin sorumlulu\u011fundad\u0131r.<\/strong><\/span><\/p>\n<ol>\n<li dir=\"ltr\">&nbsp;<\/li>\n<\/ol>\t\t\t\t\t\t\t\t<\/div>\n\t\t\t\t\t<\/div>\n\t\t\t\t<\/div>\n\t\t\t\t<\/div>\n\t\t","protected":false},"excerpt":{"rendered":"<p>KVKK G\u0130ZL\u0130L\u0130K VE K\u0130\u015e\u0130SEL VER\u0130LER\u0130N KORUNMASI&nbsp; &nbsp; &nbsp; &nbsp; &nbsp; &nbsp; &nbsp; &nbsp; &nbsp; &nbsp; &nbsp; &nbsp; &nbsp; &nbsp; &nbsp; &nbsp; &nbsp; &nbsp; &nbsp; &nbsp; &nbsp; &nbsp; &nbsp; &nbsp; &nbsp; &nbsp; &nbsp; &nbsp; &nbsp; &nbsp; &nbsp; &nbsp; &nbsp; &nbsp; &nbsp; &nbsp; &nbsp; &nbsp; &nbsp; &nbsp; &nbsp; &nbsp; &nbsp; &nbsp; &nbsp; &nbsp; &nbsp; &nbsp; &nbsp; &nbsp; [&hellip;]<\/p>\n","protected":false},"author":1,"featured_media":0,"parent":0,"menu_order":0,"comment_status":"closed","ping_status":"closed","template":"","meta":{"_mi_skip_tracking":false,"footnotes":""},"class_list":["post-13848","page","type-page","status-publish","hentry"],"blocksy_meta":[],"_links":{"self":[{"href":"https:\/\/www.cocukdishekimiantalya.com\/index.php\/wp-json\/wp\/v2\/pages\/13848","targetHints":{"allow":["GET"]}}],"collection":[{"href":"https:\/\/www.cocukdishekimiantalya.com\/index.php\/wp-json\/wp\/v2\/pages"}],"about":[{"href":"https:\/\/www.cocukdishekimiantalya.com\/index.php\/wp-json\/wp\/v2\/types\/page"}],"author":[{"embeddable":true,"href":"https:\/\/www.cocukdishekimiantalya.com\/index.php\/wp-json\/wp\/v2\/users\/1"}],"replies":[{"embeddable":true,"href":"https:\/\/www.cocukdishekimiantalya.com\/index.php\/wp-json\/wp\/v2\/comments?post=13848"}],"version-history":[{"count":6,"href":"https:\/\/www.cocukdishekimiantalya.com\/index.php\/wp-json\/wp\/v2\/pages\/13848\/revisions"}],"predecessor-version":[{"id":14569,"href":"https:\/\/www.cocukdishekimiantalya.com\/index.php\/wp-json\/wp\/v2\/pages\/13848\/revisions\/14569"}],"wp:attachment":[{"href":"https:\/\/www.cocukdishekimiantalya.com\/index.php\/wp-json\/wp\/v2\/media?parent=13848"}],"curies":[{"name":"wp","href":"https:\/\/api.w.org\/{rel}","templated":true}]}}