{"id":13847,"date":"2025-10-30T21:45:23","date_gmt":"2025-10-30T21:45:23","guid":{"rendered":"https:\/\/www.cocukdishekimiantalya.com\/?page_id=13847"},"modified":"2025-11-12T10:05:32","modified_gmt":"2025-11-12T10:05:32","slug":"kvkk","status":"publish","type":"page","link":"https:\/\/www.cocukdishekimiantalya.com\/index.php\/kvkk\/","title":{"rendered":"Ayd\u0131nlatma Metni"},"content":{"rendered":"\t\t<div data-elementor-type=\"wp-page\" data-elementor-id=\"13847\" class=\"elementor elementor-13847\">\n\t\t\t\t<div class=\"elementor-element elementor-element-1f2d816 e-flex e-con-boxed e-con e-parent\" data-id=\"1f2d816\" data-element_type=\"container\" data-settings=\"{&quot;animation_mobile&quot;:&quot;fadeInUp&quot;}\">\n\t\t\t\t\t<div class=\"e-con-inner\">\n\t\t\t\t<div class=\"elementor-element elementor-element-5ad93b7 elementor-widget elementor-widget-heading\" data-id=\"5ad93b7\" data-element_type=\"widget\" data-widget_type=\"heading.default\">\n\t\t\t\t\t<h2 class=\"elementor-heading-title elementor-size-default\"><h1 class=\"baslik\" style=\"--theme-font-weight: 700;--theme-font-size: 32px;--theme-line-height: 1.5;font-style: normal;font-weight: 700;font-size: 32px;line-height: 1.5;, sans-serif;letter-spacing: normal;text-transform: none;text-decoration: none;margin-block-end: 19.6px\"><span>Hastalar\u0131n Ki\u015fisel Verilerinin \u0130\u015flenmesi \u0130le \u0130lgili Ayd\u0131nlatma Metni<\/span><\/h1><div><span><br><\/span><\/div><\/h2>\t\t\t\t<\/div>\n\t\t\t\t\t<\/div>\n\t\t\t\t<\/div>\n\t\t<div class=\"elementor-element elementor-element-375f76e e-flex e-con-boxed e-con e-parent\" data-id=\"375f76e\" data-element_type=\"container\" data-settings=\"{&quot;animation_mobile&quot;:&quot;fadeInUp&quot;}\">\n\t\t\t\t\t<div class=\"e-con-inner\">\n\t\t\t\t<div class=\"elementor-element elementor-element-e73e6d8 elementor-widget elementor-widget-text-editor\" data-id=\"e73e6d8\" data-element_type=\"widget\" data-widget_type=\"text-editor.default\">\n\t\t\t\t\t\t\t\t\t<p><span style=\"color: #ffffff;\"><strong>1. Veri Sorumlusunun Bilgileri<\/strong><\/span><\/p><p dir=\"ltr\"><span style=\"color: #ffffff;\"><strong>Veri sorumlusu hakk\u0131ndaki t\u00fcm resmi bilgiler a\u015fa\u011f\u0131da gibidir. Ayd\u0131nlatma metninde s\u00fcrekli olarak taraflar\u0131n isimlerinin yaz\u0131lmamas\u0131 i\u00e7in k\u0131saltma belirlenmi\u015ftir. Ayd\u0131nlatma metnin devam eden b\u00f6l\u00fcmlerinde taraflar bu k\u0131saltma s\u00f6zc\u00fcklerle ifade edilir.<\/strong><\/span><\/p><table><tbody><tr><td><p><span style=\"color: #ffffff;\">\u00a0<\/span><\/p><p dir=\"ltr\"><span style=\"color: #ffffff;\"><strong>TARAFLAR<\/strong><\/span><\/p><\/td><td><p dir=\"ltr\"><span style=\"color: #ffffff;\"><strong>Adres<\/strong><\/span><\/p><\/td><td><p dir=\"ltr\"><span style=\"color: #ffffff;\"><strong>Ayd\u0131nlatmadaki An\u0131ld\u0131\u011f\u0131 \u0130sim<\/strong><\/span><\/p><\/td><td><p dir=\"ltr\"><span style=\"color: #ffffff;\"><strong>Ayd\u0131nlatmadaki Rol\u00fc<\/strong><\/span><\/p><\/td><\/tr><tr><td><p><span style=\"color: #ffffff;\">\u00a0Dr.Altar Ate\u015f Muayenehanesi<\/span><\/p><p dir=\"ltr\">\u00a0<\/p><\/td><td>\u00a0<\/td><td><p><span style=\"color: #ffffff;\">\u00a0Dr.Altar Ate\u015f<\/span><\/p><p dir=\"ltr\">\u00a0<\/p><\/td><td><p><span style=\"color: #ffffff;\">\u00a0<\/span><strong style=\"color: #ffffff; font-family: inherit; font-size: inherit; font-style: inherit; font-variant-ligatures: inherit; font-variant-caps: inherit;\">Veri Sorumlusu<\/strong><\/p><\/td><\/tr><\/tbody><\/table><p dir=\"ltr\"><span style=\"color: #ffffff;\"><strong>Denta\u00f6z taraf\u0131ndan, 6698 say\u0131l\u0131 Ki\u015fisel Verilerin Korunmas\u0131 Kanunu ve ilgili mevzuat kapsam\u0131nda Veri Sorumlusu s\u0131fat\u0131yla, m\u00fc\u015fterimiz olan t\u00fczel ki\u015filerin yetkilisi ger\u00e7ek ki\u015filer ile ticari i\u015fletmeyi ad\u0131na i\u015fleten ger\u00e7ek ki\u015filerin ki\u015fisel verileri, a\u015fa\u011f\u0131da a\u00e7\u0131klanan \u00e7er\u00e7evede mevzuata uygun olarak i\u015flenebilecektir.<\/strong><\/span><\/p><p dir=\"ltr\"><span style=\"color: #ffffff;\"><strong>B\u0130LG\u0130LEND\u0130RME<\/strong><\/span><\/p><p dir=\"ltr\"><span style=\"color: #ffffff;\"><strong>Denta\u00f6z Di\u015f Hastaneleri olarak klini\u011fimizden sa\u011fl\u0131k hizmeti alan hastalar\u0131m\u0131z\u0131n ki\u015filerin ki\u015fisel verilerinin hukuka uygun olarak i\u015flenmesi ile ki\u015fisel verilerin korunmas\u0131 bizim i\u00e7in hayati \u00f6nem arz etmektedir. \u0130\u015fbu ayd\u0131nlatma metni ile hastalar\u0131m\u0131z ki\u015fisel veri i\u015fleme operasyonlar\u0131na ili\u015fkin olarak ayr\u0131nt\u0131l\u0131 \u015fekilde bilgilendirilmek ve ayd\u0131nlat\u0131lmak istenmektedir. Bu kapsamda i\u015flenen ki\u015fisel veriler hakk\u0131nda i\u015fbu ayd\u0131nlatma metni; veri i\u015fleme faaliyetimizin \u015feffaf ve g\u00fcvenilir \u00e7er\u00e7evede y\u00fcr\u00fct\u00fclmesi amac\u0131 ile 6698 say\u0131l\u0131 Ki\u015fisel Verilerin Korunmas\u0131 Kanunun 10.maddesine uygun olarak haz\u0131rlanm\u0131\u015ft\u0131r.\u00a0<\/strong><\/span><\/p><p dir=\"ltr\"><span style=\"color: #ffffff;\"><strong>Denta\u00f6z Di\u015f Hastaneleri olarakhastalar\u0131m\u0131z\u0131n ki\u015fisel verilerinin korunmas\u0131na son derece \u00f6zen g\u00f6stermekteyiz. Bu kapsamda ba\u015fta \u00f6zel hayat\u0131n gizlili\u011fi olmak \u00fczere hastalar\u0131m\u0131z\u0131n temel hak ve \u00f6zg\u00fcrl\u00fcklerini korumak amac\u0131 ile 6698 say\u0131l\u0131 Ki\u015fisel Verilerin Korunmas\u0131 Kanunu hakk\u0131nda ki\u015fisel verileriniz ve haklar\u0131n\u0131z hakk\u0131nda Denta\u00f6zDi\u015f Hastaneleri olarak sizleri en \u015feffaf \u015fekilde ayd\u0131nlatmak ve bilgilendirmek isteriz.\u00a0<\/strong><\/span><\/p><p dir=\"ltr\"><span style=\"color: #ffffff;\"><strong>2. Ki\u015fisel Verilerin \u0130\u015flenme Ama\u00e7lar\u0131 ve Hukuki Sebepleri<\/strong><\/span><\/p><table><tbody><tr><td><p><span style=\"color: #ffffff;\">\u00a0<\/span><\/p><p dir=\"ltr\"><span style=\"color: #ffffff;\"><strong>VER\u0130 KATEGOR\u0130S\u0130<\/strong><\/span><\/p><\/td><td><p dir=\"ltr\"><span style=\"color: #ffffff;\"><strong>K\u0130\u015e\u0130SEL VER\u0130LER\u0130N \u0130\u015eLENME AMACI<\/strong><\/span><\/p><\/td><td><p dir=\"ltr\"><span style=\"color: #ffffff;\"><strong>\u0130LG\u0130L\u0130 AMACIN HANG\u0130 HUKUK\u0130 SEBEPE DAYANILARAK \u0130\u015eLENECE\u011e\u0130<\/strong><\/span><\/p><\/td><\/tr><tr><td><p><span style=\"color: #ffffff;\">\u00a0<\/span><\/p><p dir=\"ltr\"><span style=\"color: #ffffff;\"><strong>K\u0130ML\u0130K<\/strong><\/span><\/p><\/td><td><p dir=\"ltr\"><span style=\"color: #ffffff;\"><strong>Finans ve Muhasebe \u0130\u015flerinin Y\u00fcr\u00fct\u00fclmesi, Hukuk \u0130\u015flerinin Takibi ve Y\u00fcr\u00fct\u00fclmesi, Mal\/Hizmet Sat\u0131\u015f S\u00fcre\u00e7lerinin Y\u00fcr\u00fct\u00fclmesi, Mal\/Hizmet \u00dcretim ve Operasyon S\u00fcre\u00e7lerinin Y\u00fcr\u00fct\u00fclmesi,\u00a0 \u00dcr\u00fcn\/Hizmetlerin PazarlamaS\u00fcre\u00e7lerinin Y\u00fcr\u00fct\u00fclmesi, S\u00f6zle\u015fme S\u00fcre\u00e7lerinin Y\u00fcr\u00fct\u00fclmesi, Talep \/ \u015eikayetlerin Takibi, Yetkili Ki\u015fi, Kurum ve Kurulu\u015flara Bilgi Verilmesi.<\/strong><\/span><\/p><\/td><td><p dir=\"ltr\"><span style=\"color: #ffffff;\"><strong>Bir S\u00f6zle\u015fmenin Kurulmas\u0131 Veya \u0130fas\u0131yla Do\u011frudan Do\u011fruya \u0130lgili Olmas\u0131 Kayd\u0131yla S\u00f6zle\u015fmenin Taraflar\u0131na Ait Ki\u015fisel Verilerin \u0130\u015flenmesinin Gerekli Olmas\u0131, Kanunlarda A\u00e7\u0131k\u00e7a \u00d6ng\u00f6r\u00fclmesi, Kanuni Y\u00fck\u00fcml\u00fcl\u00fcklerin Yerine Getirilmesi<\/strong><\/span><\/p><p><span style=\"color: #ffffff;\">\u00a0<\/span><\/p><\/td><\/tr><tr><td><p><span style=\"color: #ffffff;\">\u00a0<\/span><\/p><p dir=\"ltr\"><span style=\"color: #ffffff;\"><strong>\u0130LET\u0130\u015e\u0130M<\/strong><\/span><\/p><\/td><td><p dir=\"ltr\"><span style=\"color: #ffffff;\"><strong>\u0130leti\u015fim Faaliyetlerinin Y\u00fcr\u00fct\u00fclmesi, \u00dcr\u00fcn\/Hizmetlerin Pazarlama S\u00fcre\u00e7lerinin Y\u00fcr\u00fct\u00fclmesi, Mal\/Hizmet Sat\u0131\u015f S\u00fcre\u00e7lerinin Y\u00fcr\u00fct\u00fclmesi, S\u00f6zle\u015fme S\u00fcre\u00e7lerinin Y\u00fcr\u00fct\u00fclmesi, Talep \/ \u015eikayetlerin Takibi.<\/strong><\/span><\/p><\/td><td><p dir=\"ltr\"><span style=\"color: #ffffff;\"><strong>Bir S\u00f6zle\u015fmenin Kurulmas\u0131 veya \u0130fas\u0131yla Do\u011frudan Do\u011fruya \u0130lgili Olmas\u0131 Kayd\u0131yla S\u00f6zle\u015fmenin Taraflar\u0131na Ait Ki\u015fisel Verilerin \u0130\u015flenmesinin Gerekli Olmas\u0131,\u00a0<\/strong><\/span><\/p><p><span style=\"color: #ffffff;\">\u00a0<\/span><\/p><\/td><\/tr><tr><td><p><span style=\"color: #ffffff;\">\u00a0<\/span><\/p><p dir=\"ltr\"><span style=\"color: #ffffff;\"><strong>LOKASYON<\/strong><\/span><\/p><\/td><td><p dir=\"ltr\"><span style=\"color: #ffffff;\"><strong>Faaliyetlerin Mevzuata Uygun Y\u00fcr\u00fct\u00fclmesi, Finans Ve Muhasebe \u0130\u015flerinin Y\u00fcr\u00fct\u00fclmesi, Hukuk \u0130\u015flerinin Takibi Ve Y\u00fcr\u00fct\u00fclmesi<\/strong><\/span><\/p><\/td><td><p dir=\"ltr\"><span style=\"color: #ffffff;\"><strong>Bir Hakk\u0131n Tesisi, Kullan\u0131lmas\u0131 veya Korunmas\u0131 \u0130\u00e7in Veri \u0130\u015flemenin Zorunlu Olmas\u0131.<\/strong><\/span><\/p><\/td><\/tr><tr><td><p><span style=\"color: #ffffff;\">\u00a0<\/span><\/p><p dir=\"ltr\"><span style=\"color: #ffffff;\"><strong>M\u00dc\u015eTER\u0130 \u0130\u015eLEM<\/strong><\/span><\/p><\/td><td><p dir=\"ltr\"><span style=\"color: #ffffff;\"><strong>Finans ve Muhasebe \u0130\u015flerinin Y\u00fcr\u00fct\u00fclmesi, Hukuk \u0130\u015flerinin Takibi Ve Y\u00fcr\u00fct\u00fclmesi<\/strong><\/span><\/p><\/td><td><p dir=\"ltr\"><span style=\"color: #ffffff;\"><strong>Bir Hakk\u0131n Tesisi, Kullan\u0131lmas\u0131 veya Korunmas\u0131 \u0130\u00e7in Veri \u0130\u015flemenin Zorunlu Olmas\u0131.<\/strong><\/span><\/p><\/td><\/tr><tr><td><p><span style=\"color: #ffffff;\">\u00a0<\/span><\/p><p dir=\"ltr\"><span style=\"color: #ffffff;\"><strong>SA\u011eLIK VER\u0130LER\u0130<\/strong><\/span><\/p><\/td><td><p dir=\"ltr\"><span style=\"color: #ffffff;\"><strong>Hizmet Sat\u0131\u015f S\u00fcre\u00e7lerinin Y\u00fcr\u00fct\u00fclmesi, Mal \/ Hizmet \u00dcretim Ve Operasyon S\u00fcre\u00e7lerinin Y\u00fcr\u00fct\u00fclmesi<\/strong><\/span><\/p><p dir=\"ltr\"><span style=\"color: #ffffff;\"><strong>S\u00f6zle\u015fme S\u00fcre\u00e7lerinin Y\u00fcr\u00fct\u00fclmesi<\/strong><\/span><\/p><\/td><td><p dir=\"ltr\"><span style=\"color: #ffffff;\"><strong>Sa\u011fl\u0131k ve cinsel hayata ili\u015fkin ki\u015fisel veriler ise ancak kamu sa\u011fl\u0131\u011f\u0131n\u0131n korunmas\u0131, koruyucu hekimlik, t\u0131bb\u00ee te\u015fhis, tedavi ve bak\u0131m hizmetlerinin y\u00fcr\u00fct\u00fclmesi, sa\u011fl\u0131k hizmetleri ile finansman\u0131n\u0131n planlanmas\u0131 ve y\u00f6netimi amac\u0131yla, s\u0131r saklama y\u00fck\u00fcml\u00fcl\u00fc\u011f\u00fc alt\u0131nda bulunan ki\u015filer veya yetkili kurum ve kurulu\u015flar taraf\u0131ndan ilgilinin a\u00e7\u0131k r\u0131zas\u0131 aranmaks\u0131z\u0131n i\u015flenebilir.<\/strong><\/span><\/p><\/td><\/tr><tr><td><p><span style=\"color: #ffffff;\">\u00a0<\/span><\/p><p dir=\"ltr\"><span style=\"color: #ffffff;\"><strong>PAZARLAMA VER\u0130LER\u0130<\/strong><\/span><\/p><\/td><td><p dir=\"ltr\"><span style=\"color: #ffffff;\"><strong>Pazarlama\u00a0Analiz \u00c7al\u0131\u015fmalar\u0131n\u0131n Y\u00fcr\u00fct\u00fclmesi, Reklam \/ Kampanya \/ Promosyon S\u00fcre\u00e7lerinin Y\u00fcr\u00fct\u00fclmesi, \u00dcr\u00fcn \/ Hizmetlerin Pazarlama S\u00fcre\u00e7lerinin Y\u00fcr\u00fct\u00fclmesi<\/strong><\/span><\/p><\/td><td><p dir=\"ltr\"><span style=\"color: #ffffff;\"><strong>A\u00e7\u0131k R\u0131za<\/strong><\/span><\/p><\/td><\/tr><tr><td><p><span style=\"color: #ffffff;\">\u00a0<\/span><\/p><p dir=\"ltr\"><span style=\"color: #ffffff;\"><strong>G\u00d6RSEL VE \u0130\u015e\u0130TSEL KAYITLAR<\/strong><\/span><\/p><\/td><td><p dir=\"ltr\"><span style=\"color: #ffffff;\"><strong>Hizmet Sat\u0131\u015f S\u00fcre\u00e7lerinin Y\u00fcr\u00fct\u00fclmesi, Mal \/ Hizmet \u00dcretim Ve Operasyon S\u00fcre\u00e7lerinin Y\u00fcr\u00fct\u00fclmesi<\/strong><\/span><\/p><p dir=\"ltr\"><span style=\"color: #ffffff;\"><strong>S\u00f6zle\u015fme S\u00fcre\u00e7lerinin Y\u00fcr\u00fct\u00fclmesi<\/strong><\/span><\/p><p dir=\"ltr\">\u00a0<\/p><\/td><td><p dir=\"ltr\"><span style=\"color: #ffffff;\"><strong>Bir S\u00f6zle\u015fmenin Kurulmas\u0131 Veya \u0130fas\u0131yla Do\u011frudan Do\u011fruya \u0130lgili Olmas\u0131 Kayd\u0131yla S\u00f6zle\u015fmenin Taraflar\u0131na Ait Ki\u015fisel Verilerin \u0130\u015flenmesinin Gerekli Olmas\u0131,<\/strong><\/span><\/p><\/td><\/tr><tr><td><p dir=\"ltr\"><span style=\"color: #ffffff;\"><strong>G\u00f6rsel Ve \u0130\u015fitsel Kay\u0131tlar<\/strong><\/span><\/p><\/td><td><p dir=\"ltr\"><span style=\"color: #ffffff;\"><strong>Reklam \/ Kampanya \/ Promosyon S\u00fcre\u00e7lerinin Y\u00fcr\u00fct\u00fclmesi, \u00dcr\u00fcn \/ Hizmetlerin Pazarlama S\u00fcre\u00e7lerinin Y\u00fcr\u00fct\u00fclmesi<\/strong><\/span><\/p><\/td><td><p dir=\"ltr\"><span style=\"color: #ffffff;\"><strong>A\u00e7\u0131k R\u0131za<\/strong><\/span><\/p><\/td><\/tr><\/tbody><\/table><p><span style=\"color: #ffffff;\">\u00a0<\/span><\/p><p dir=\"ltr\"><span style=\"color: #ffffff;\"><strong>3. Ki\u015fisel Verilerinizin Kimlere ve Hangi Ama\u00e7larla Aktar\u0131laca\u011f\u0131\u00a0<\/strong><\/span><\/p><p dir=\"ltr\"><span style=\"color: #ffffff;\"><strong>Ki\u015fisel verileriniz 6698 say\u0131l\u0131 Kanuna uygun bir \u015fekilde Denta\u00f6z taraf\u0131ndan;<\/strong><\/span><\/p><ol><li dir=\"ltr\"><p dir=\"ltr\"><span style=\"color: #ffffff;\"><strong>Avukat (Hukuk \u0130\u015flerinin Takibi ve Y\u00fcr\u00fct\u00fclmesi amac\u0131yla ve bu ama\u00e7la s\u0131n\u0131rl\u0131 olarak)<\/strong><\/span><\/p><\/li><li dir=\"ltr\"><p dir=\"ltr\"><span style=\"color: #ffffff;\"><strong>Mali m\u00fc\u015favir (Finans ve Muhasebe \u0130\u015flerinin Y\u00fcr\u00fct\u00fclmesi amac\u0131yla ve bu ama\u00e7la s\u0131n\u0131rl\u0131 olarak)<\/strong><\/span><\/p><\/li><li dir=\"ltr\"><p dir=\"ltr\"><span style=\"color: #ffffff;\"><strong>E-Fatura\u00a0\u00f6zel entegrat\u00f6r ve saklama hizmet sa\u011flay\u0131c\u0131s\u0131na (Finans ve Muhasebe \u0130\u015flerinin Y\u00fcr\u00fct\u00fclmesi ile faaliyetlerin mevzuata uygun y\u00fcr\u00fct\u00fclmesi amac\u0131yla ve bu ama\u00e7la s\u0131n\u0131rl\u0131 olarak)<\/strong><\/span><\/p><\/li><li dir=\"ltr\"><p dir=\"ltr\"><span style=\"color: #ffffff;\"><strong>Yetkili Kamu Kurum ve Kurulu\u015flar\u0131 (Kamu Kurum ve Kurulu\u015flar\u0131ndan talep edilmesi durumunda; Sa\u011fl\u0131k Bakanl\u0131\u011f\u0131 ve yetkili kamu kurum ve kurulu\u015flar\u0131 ile faaliyetlerin mevzuata uygun y\u00fcr\u00fct\u00fclmesi amac\u0131yla ve bu ama\u00e7la s\u0131n\u0131rl\u0131 olmak kayd\u0131yla)<\/strong><\/span><\/p><\/li><li dir=\"ltr\"><p dir=\"ltr\"><span style=\"color: #ffffff;\"><strong>Dijital medya ve sosyal medya hesaplar\u0131ndan tan\u0131t\u0131m amac\u0131yla \u00fc\u00e7\u00fcnc\u00fc \u015fahs\u0131lara (A\u00e7\u0131k R\u0131zan\u0131z\u0131n bulunmas\u0131 durumunda ve yukar\u0131da belirtilen ama\u00e7larla s\u0131n\u0131rl\u0131 olarak)<\/strong><\/span><\/p><\/li><\/ol><p dir=\"ltr\"><span style=\"color: #ffffff;\"><strong>payla\u015f\u0131labilecektir.\u00a0<\/strong><\/span><\/p><p dir=\"ltr\"><span style=\"color: #ffffff;\"><strong>Hi\u00e7bir \u015fekilde yurt d\u0131\u015f\u0131na aktar\u0131m ger\u00e7ekle\u015ftirilmemektedir.<\/strong><\/span><\/p><p dir=\"ltr\"><span style=\"color: #ffffff;\"><strong>4. Ki\u015fisel Veri Toplama Y\u00f6ntemi\u00a0<\/strong><\/span><\/p><p dir=\"ltr\"><span style=\"color: #ffffff;\"><strong>Ki\u015fisel verileriniz, yukar\u0131da yer alan ama\u00e7lar\u0131n ger\u00e7ekle\u015ftirilmesi i\u00e7in Denta\u00f6ztaraf\u0131ndan;\u00a0<\/strong><\/span><\/p><ol><li dir=\"ltr\"><p dir=\"ltr\"><span style=\"color: #ffffff;\"><strong>Fiziki ortamda (otomatik olmayan y\u00f6ntemler), s\u00f6zl\u00fc \u015fekilde, klini\u011fimizle yap\u0131lan s\u00f6zle\u015fmeler, onam formlar\u0131, hasta kay\u0131t evraklar\u0131, makbuzlar, \u00e7a\u011fr\u0131 merkezi kay\u0131tlar\u0131, fatura, gi\u015fe, talep bilgisi, matbu formlar, taraf\u0131m\u0131za iletmi\u015f oldu\u011funuz resm\u00ee belgeler \u00fczerinden;\u00a0<\/strong><\/span><\/p><\/li><li dir=\"ltr\"><p dir=\"ltr\"><span style=\"color: #ffffff;\"><strong>Elektronik ortamda (otomatik y\u00f6ntemler) ise e-mailler ve internet sitemizde mevcut ileti\u015fim formu vas\u0131tas\u0131yla toplanmaktad\u0131r.<\/strong><\/span><\/p><\/li><\/ol><p dir=\"ltr\"><span style=\"color: #ffffff;\"><strong>5. Ki\u015fisel Verilerin Korunmas\u0131na Y\u00f6nelik Haklar\u0131n\u0131z\u00a0<\/strong><\/span><\/p><p dir=\"ltr\"><span style=\"color: #ffffff;\"><strong>Ki\u015fisel veri sahibi olarak Kanun\u2019un 11. maddesi uyar\u0131nca a\u015fa\u011f\u0131daki haklara sahip oldu\u011funuzu bildiririz:<\/strong><\/span><\/p><ol><li dir=\"ltr\"><p dir=\"ltr\"><span style=\"color: #ffffff;\"><strong>Ki\u015fisel verilerinizin i\u015flenip i\u015flenmedi\u011fini \u00f6\u011frenme,\u00a0<\/strong><\/span><\/p><\/li><li dir=\"ltr\"><p dir=\"ltr\"><span style=\"color: #ffffff;\"><strong>Ki\u015fisel verileriniz i\u015flenmi\u015fse buna ili\u015fkin bilgi talep etme,\u00a0<\/strong><\/span><\/p><\/li><li dir=\"ltr\"><p dir=\"ltr\"><span style=\"color: #ffffff;\"><strong>Ki\u015fisel verilerinizin i\u015flenme amac\u0131n\u0131 ve bunlar\u0131n amac\u0131na uygun kullan\u0131l\u0131p kullan\u0131lmad\u0131\u011f\u0131n\u0131 \u00f6\u011frenme,\u00a0<\/strong><\/span><\/p><\/li><li dir=\"ltr\"><p dir=\"ltr\"><span style=\"color: #ffffff;\"><strong>Yurt i\u00e7inde veya yurt d\u0131\u015f\u0131nda ki\u015fisel verilerinizin aktar\u0131ld\u0131\u011f\u0131 \u00fc\u00e7\u00fcnc\u00fc ki\u015fileri bilme,\u00a0<\/strong><\/span><\/p><\/li><li dir=\"ltr\"><p dir=\"ltr\"><span style=\"color: #ffffff;\"><strong>Ki\u015fisel verilerinizin eksik veya yanl\u0131\u015f i\u015flenmi\u015f olmas\u0131 h\u00e2linde bunlar\u0131n d\u00fczeltilmesini isteme ve bu kapsamda yap\u0131lan i\u015flemin ki\u015fisel verilerinizin aktar\u0131ld\u0131\u011f\u0131 \u00fc\u00e7\u00fcnc\u00fc ki\u015filere bildirilmesini isteme,\u00a0<\/strong><\/span><\/p><\/li><li dir=\"ltr\"><p dir=\"ltr\"><span style=\"color: #ffffff;\"><strong>Kanun\u2019a ve ilgili di\u011fer kanun h\u00fck\u00fcmlerine uygun olarak i\u015flenmi\u015f olmas\u0131na ra\u011fmen, i\u015flenmesini gerektiren sebeplerin ortadan kalkmas\u0131 h\u00e2linde ki\u015fisel verilerin silinmesini veya yok edilmesini isteme ve bu kapsamda yap\u0131lan i\u015flemin ki\u015fisel verilerinizin aktar\u0131ld\u0131\u011f\u0131 \u00fc\u00e7\u00fcnc\u00fc ki\u015filere bildirilmesini isteme,\u00a0<\/strong><\/span><\/p><\/li><li dir=\"ltr\"><p dir=\"ltr\"><span style=\"color: #ffffff;\"><strong>\u0130\u015flenen verilerin m\u00fcnhas\u0131ran otomatik sistemler vas\u0131tas\u0131yla analiz edilmesi suretiyle aleyhinize bir sonucun ortaya \u00e7\u0131kmas\u0131 durumunda buna itiraz etme,\u00a0<\/strong><\/span><\/p><\/li><li dir=\"ltr\"><p dir=\"ltr\"><span style=\"color: #ffffff;\"><strong>Ki\u015fisel verilerinizin kanuna ayk\u0131r\u0131 olarak i\u015flenmesi sebebiyle zarara u\u011framan\u0131z h\u00e2linde zarar\u0131n giderilmesini talep etme.\u00a0<\/strong><\/span><\/p><\/li><\/ol><p dir=\"ltr\"><span style=\"color: #ffffff;\"><strong>Yukar\u0131da say\u0131lan haklar\u0131n\u0131zdan birini ya da birka\u00e7\u0131n\u0131 kullanman\u0131z halinde ilgili bilgi taraf\u0131n\u0131za, a\u00e7\u0131k ve anla\u015f\u0131labilir bir \u015fekilde yaz\u0131l\u0131 olarak ya da elektronik ortamda, taraf\u0131n\u0131zca sa\u011flanan ileti\u015fim bilgileri yoluyla, bildirilir.\u00a0<\/strong><\/span><\/p>\t\t\t\t\t\t\t\t<\/div>\n\t\t\t\t\t<\/div>\n\t\t\t\t<\/div>\n\t\t\t\t<\/div>\n\t\t","protected":false},"excerpt":{"rendered":"<p>Hastalar\u0131n Ki\u015fisel Verilerinin \u0130\u015flenmesi \u0130le \u0130lgili Ayd\u0131nlatma Metni 1. Veri Sorumlusunun Bilgileri Veri sorumlusu hakk\u0131ndaki t\u00fcm resmi bilgiler a\u015fa\u011f\u0131da gibidir. Ayd\u0131nlatma metninde s\u00fcrekli olarak taraflar\u0131n isimlerinin yaz\u0131lmamas\u0131 i\u00e7in k\u0131saltma belirlenmi\u015ftir. Ayd\u0131nlatma metnin devam eden b\u00f6l\u00fcmlerinde taraflar bu k\u0131saltma s\u00f6zc\u00fcklerle ifade edilir. \u00a0 TARAFLAR Adres Ayd\u0131nlatmadaki An\u0131ld\u0131\u011f\u0131 \u0130sim Ayd\u0131nlatmadaki Rol\u00fc \u00a0Dr.Altar Ate\u015f Muayenehanesi \u00a0 \u00a0 \u00a0Dr.Altar [&hellip;]<\/p>\n","protected":false},"author":1,"featured_media":0,"parent":0,"menu_order":0,"comment_status":"closed","ping_status":"closed","template":"","meta":{"_mi_skip_tracking":false,"footnotes":""},"class_list":["post-13847","page","type-page","status-publish","hentry"],"blocksy_meta":[],"_links":{"self":[{"href":"https:\/\/www.cocukdishekimiantalya.com\/index.php\/wp-json\/wp\/v2\/pages\/13847","targetHints":{"allow":["GET"]}}],"collection":[{"href":"https:\/\/www.cocukdishekimiantalya.com\/index.php\/wp-json\/wp\/v2\/pages"}],"about":[{"href":"https:\/\/www.cocukdishekimiantalya.com\/index.php\/wp-json\/wp\/v2\/types\/page"}],"author":[{"embeddable":true,"href":"https:\/\/www.cocukdishekimiantalya.com\/index.php\/wp-json\/wp\/v2\/users\/1"}],"replies":[{"embeddable":true,"href":"https:\/\/www.cocukdishekimiantalya.com\/index.php\/wp-json\/wp\/v2\/comments?post=13847"}],"version-history":[{"count":11,"href":"https:\/\/www.cocukdishekimiantalya.com\/index.php\/wp-json\/wp\/v2\/pages\/13847\/revisions"}],"predecessor-version":[{"id":14580,"href":"https:\/\/www.cocukdishekimiantalya.com\/index.php\/wp-json\/wp\/v2\/pages\/13847\/revisions\/14580"}],"wp:attachment":[{"href":"https:\/\/www.cocukdishekimiantalya.com\/index.php\/wp-json\/wp\/v2\/media?parent=13847"}],"curies":[{"name":"wp","href":"https:\/\/api.w.org\/{rel}","templated":true}]}}