{"id":13570,"date":"2024-02-23T11:07:24","date_gmt":"2024-02-23T11:07:24","guid":{"rendered":"https:\/\/www.cocukdishekimiantalya.com\/?page_id=13570"},"modified":"2025-10-05T20:31:12","modified_gmt":"2025-10-05T20:31:12","slug":"yorumlarimiz","status":"publish","type":"page","link":"https:\/\/www.cocukdishekimiantalya.com\/index.php\/yorumlarimiz\/","title":{"rendered":"YORUMLARIMIZ"},"content":{"rendered":"<p><strong>Uzm.Dr. Altar Ate\u015f Yorumlar\u0131<\/strong><\/p>\n<p>De\u011ferli velilerimizden gelen ger\u00e7ek yorumlar\u0131 sizler i\u00e7in birka\u00e7 tanesini biraraya derledik. Daha fazla yorum okumak i\u00e7in <a href=\"https:\/\/www.instagram.com\/cocukdishekimimantalya\/\" target=\"_blank\" rel=\"noopener\">instagram <\/a>veya <a href=\"https:\/\/www.doktortakvimi.com\/altar-ates\/cocuk-dis-hekimligi-pedodonti\/antalya\" target=\"_blank\" rel=\"noopener\">Doktor Takvimi<\/a> <span style=\"font-family: 'Century Gothic', AppleGothic, sans-serif;\">sayfam\u0131z\u0131 ziyaret edebilirsiniz.<\/span><\/p>\n<p><a id=\"zl-url\" class=\"zl-url\" href=\"https:\/\/www.doktortakvimi.com\/altar-ates\/cocuk-dis-hekimligi-pedodonti\/antalya\" rel=\"nofollow noopener\" data-zlw-doctor=\"altar-ates\" data-zlw-type=\"big\" data-zlw-opinion=\"true\" data-zlw-hide-branding=\"true\" data-zlw-saas-only=\"false\" target=\"_blank\">Altar Ate\u015f &#8211; DoktorTakvimi.com<\/a><script>!function($_x,_s,id){var js,fjs=$_x.getElementsByTagName(_s)[0];if(!$_x.getElementById(id)){js = $_x.createElement(_s);js.id = id;js.src = \"\/\/platform.docplanner.com\/js\/widget.js\";fjs.parentNode.insertBefore(js,fjs);}}(document,\"script\",\"zl-widget-s\");<\/script><\/p>\n","protected":false},"excerpt":{"rendered":"<p>Uzm.Dr. Altar Ate\u015f Yorumlar\u0131 De\u011ferli velilerimizden gelen ger\u00e7ek yorumlar\u0131 sizler i\u00e7in birka\u00e7 tanesini biraraya derledik. Daha fazla yorum okumak i\u00e7in instagram veya Doktor Takvimi sayfam\u0131z\u0131 ziyaret edebilirsiniz. Altar Ate\u015f &#8211; DoktorTakvimi.com<\/p>\n","protected":false},"author":1,"featured_media":0,"parent":0,"menu_order":0,"comment_status":"closed","ping_status":"closed","template":"","meta":{"_mi_skip_tracking":false,"footnotes":""},"class_list":["post-13570","page","type-page","status-publish","hentry"],"blocksy_meta":[],"_links":{"self":[{"href":"https:\/\/www.cocukdishekimiantalya.com\/index.php\/wp-json\/wp\/v2\/pages\/13570","targetHints":{"allow":["GET"]}}],"collection":[{"href":"https:\/\/www.cocukdishekimiantalya.com\/index.php\/wp-json\/wp\/v2\/pages"}],"about":[{"href":"https:\/\/www.cocukdishekimiantalya.com\/index.php\/wp-json\/wp\/v2\/types\/page"}],"author":[{"embeddable":true,"href":"https:\/\/www.cocukdishekimiantalya.com\/index.php\/wp-json\/wp\/v2\/users\/1"}],"replies":[{"embeddable":true,"href":"https:\/\/www.cocukdishekimiantalya.com\/index.php\/wp-json\/wp\/v2\/comments?post=13570"}],"version-history":[{"count":11,"href":"https:\/\/www.cocukdishekimiantalya.com\/index.php\/wp-json\/wp\/v2\/pages\/13570\/revisions"}],"predecessor-version":[{"id":13752,"href":"https:\/\/www.cocukdishekimiantalya.com\/index.php\/wp-json\/wp\/v2\/pages\/13570\/revisions\/13752"}],"wp:attachment":[{"href":"https:\/\/www.cocukdishekimiantalya.com\/index.php\/wp-json\/wp\/v2\/media?parent=13570"}],"curies":[{"name":"wp","href":"https:\/\/api.w.org\/{rel}","templated":true}]}}