{"id":13343,"date":"2023-04-06T19:56:28","date_gmt":"2023-04-06T19:56:28","guid":{"rendered":"https:\/\/www.cocukdishekimiantalya.com\/?page_id=13343"},"modified":"2025-11-12T15:00:31","modified_gmt":"2025-11-12T15:00:31","slug":"curuklerin-durdurulmasi","status":"publish","type":"page","link":"https:\/\/www.cocukdishekimiantalya.com\/index.php\/curuklerin-durdurulmasi\/","title":{"rendered":"\u00c7\u00dcR\u00dcKLER\u0130N DURDURULMASI"},"content":{"rendered":"\t\t<div data-elementor-type=\"wp-page\" data-elementor-id=\"13343\" class=\"elementor elementor-13343\">\n\t\t\t\t<div class=\"elementor-element elementor-element-2ec265de e-flex e-con-boxed e-con e-parent\" data-id=\"2ec265de\" data-element_type=\"container\">\n\t\t\t\t\t<div class=\"e-con-inner\">\n\t\t\t\t<div class=\"elementor-element elementor-element-d027729 elementor-invisible elementor-widget elementor-widget-video\" data-id=\"d027729\" data-element_type=\"widget\" data-settings=\"{&quot;video_type&quot;:&quot;hosted&quot;,&quot;autoplay&quot;:&quot;yes&quot;,&quot;play_on_mobile&quot;:&quot;yes&quot;,&quot;mute&quot;:&quot;yes&quot;,&quot;loop&quot;:&quot;yes&quot;,&quot;_animation&quot;:&quot;fadeInUp&quot;}\" data-widget_type=\"video.default\">\n\t\t\t\t\t\t\t<div class=\"e-hosted-video elementor-wrapper elementor-open-inline\">\n\t\t\t\t\t<video class=\"elementor-video\" src=\"https:\/\/www.cocukdishekimiantalya.com\/wp-content\/uploads\/2025\/11\/Beautiful-Reminder-Motivational-Quote-Video-1000-x-400-piksel.mp4\" autoplay=\"\" loop=\"\" muted=\"muted\" playsinline=\"\" controlsList=\"nodownload\"><\/video>\n\t\t\t\t<\/div>\n\t\t\t\t\t\t<\/div>\n\t\t\t\t<div class=\"elementor-element elementor-element-48b3bece elementor-widget elementor-widget-text-editor\" data-id=\"48b3bece\" data-element_type=\"widget\" data-widget_type=\"text-editor.default\">\n\t\t\t\t\t\t\t\t\t<p style=\"text-align: left;\"><span style=\"color: #ffffff;\">Koruyucu di\u015f hekimli\u011fi ile ba\u015flang\u0131\u00e7 \u00e7\u00fcr\u00fcnklerinin durdurlmas\u0131 veya \u00e7\u00fcr\u00fcmesi ihtimali bulunan di\u015flerin korunmas\u0131 yeni bir bak\u0131\u015f a\u00e7\u0131s\u0131d\u0131r. Bu \u015fekilde \u00e7ocu\u011funuzun \u00e7\u00fcr\u00fck di\u015flerine herhangi bir giri\u015fimsel m\u00fcdehale yapmadan bu di\u015fleri sa\u011fl\u0131\u011f\u0131na kavu\u015fturabilmekteyiz. Bunun i\u00e7in gerekli uzman\u00a0 kadrosuna ve bilgiye sahibiz. Bu tekniklerden k\u0131saca bahsederek sizi bilgilendirelim.<\/span><\/p><p><span style=\"color: #ffffff;\">Son y\u0131llarda modern di\u015f hekimli\u011fi \u00e7\u00fcr\u00fck riskini azaltma, koruyucu uygulamalar ve di\u015f yap\u0131lar\u0131n\u0131n m\u00fcmk\u00fcn oldu\u011funca korundu\u011fu giri\u015fimsel olmayan koruyucu teknikleri \u00f6n plana \u00e7\u0131karmaya odaklanm\u0131\u015ft\u0131r. Buna ba\u011fl\u0131 olarak g\u00fcn\u00fcm\u00fczde \u00e7\u00fcr\u00fck prevalans\u0131 d\u00fc\u015f\u00fc\u015fe ge\u00e7mi\u015f, bi\u00e7im ve ilerleme h\u0131z\u0131 bak\u0131m\u0131ndan de\u011fi\u015fikli\u011fe u\u011fram\u0131\u015ft\u0131r.<\/span><\/p><p><span style=\"color: #ffffff;\">Pit ve fiss\u00fcrler olarak adland\u0131rd\u0131\u011f\u0131m\u0131z \u00e7\u00fcr\u00fc\u011fe dayan\u0131ks\u0131z alanlar\u0131n g\u00fc\u00e7lendirmesi bu hedef do\u011frultusunda en b\u00fcy\u00fck silah\u0131m\u0131z oldu. Bu fiss\u00fcrleri g\u00fc\u00e7lendirmek i\u00e7in bir\u00e7ok teknik kullanmaktay\u0131z. Ayr\u0131ca bu b\u00f6lgelerdeki ba\u015flang\u0131\u00e7 a\u015famas\u0131ndaki \u00e7\u00fcr\u00fcklerin ilerleyi\u015fini de yava\u015flatma hatta durdurmaktay\u0131z.<\/span><\/p><p><span style=\"color: #ffffff;\"><img decoding=\"async\" class=\"size-full wp-image-13373 alignleft\" src=\"https:\/\/www.cocukdishekimiantalya.com\/wp-content\/uploads\/2023\/04\/Adsiz.jpg\" alt=\"\" width=\"239\" height=\"160\" srcset=\"https:\/\/www.cocukdishekimiantalya.com\/wp-content\/uploads\/2023\/04\/Adsiz.jpg 239w, https:\/\/www.cocukdishekimiantalya.com\/wp-content\/uploads\/2023\/04\/Adsiz-150x100.jpg 150w\" sizes=\"(max-width: 239px) 100vw, 239px\" \/><\/span><\/p><p><span style=\"color: #ffffff;\">Resimde g\u00f6sterdi\u011fimiz alanda\u00a0 di\u015f f\u0131r\u00e7alama ile dahi kimi zaman uzakla\u015ft\u0131ramad\u0131\u011f\u0131m\u0131z g\u0131da maddeleri kalmaktad\u0131r. Zaman i\u00e7erisinde bu g\u0131da maddeleri \u00e7\u00fcr\u00fc\u011fe sebep olmaktad\u0131r.<\/span><\/p><p><span style=\"color: #ffffff;\">Bu alanlar\u0131 koruyucu bir teknikle giri\u015fimsel olmadan sizin basit bir f\u0131r\u00e7alama ile uzakla\u015ft\u0131rabilece\u011finiz bir temizlenebilir alan haline d\u00f6n\u00fc\u015ft\u00fcr\u00fcyoruz.<\/span><\/p>\t\t\t\t\t\t\t\t<\/div>\n\t\t<div class=\"elementor-element elementor-element-03d5b2e gradient_bg_right e-con-full e-flex e-con e-child\" data-id=\"03d5b2e\" data-element_type=\"container\" data-settings=\"{&quot;background_background&quot;:&quot;classic&quot;}\">\n\t\t\t\t<\/div>\n\t\t\t\t\t<\/div>\n\t\t\t\t<\/div>\n\t\t\t\t<\/div>\n\t\t","protected":false},"excerpt":{"rendered":"<p>https:\/\/www.cocukdishekimiantalya.com\/wp-content\/uploads\/2025\/11\/Beautiful-Reminder-Motivational-Quote-Video-1000-x-400-piksel.mp4 Koruyucu di\u015f hekimli\u011fi ile ba\u015flang\u0131\u00e7 \u00e7\u00fcr\u00fcnklerinin durdurlmas\u0131 veya \u00e7\u00fcr\u00fcmesi ihtimali bulunan di\u015flerin korunmas\u0131 yeni bir bak\u0131\u015f a\u00e7\u0131s\u0131d\u0131r. Bu \u015fekilde \u00e7ocu\u011funuzun \u00e7\u00fcr\u00fck di\u015flerine herhangi bir giri\u015fimsel m\u00fcdehale yapmadan bu di\u015fleri sa\u011fl\u0131\u011f\u0131na kavu\u015fturabilmekteyiz. Bunun i\u00e7in gerekli uzman\u00a0 kadrosuna ve bilgiye sahibiz. Bu tekniklerden k\u0131saca bahsederek sizi bilgilendirelim. Son y\u0131llarda modern di\u015f hekimli\u011fi \u00e7\u00fcr\u00fck riskini azaltma, koruyucu [&hellip;]<\/p>\n","protected":false},"author":1,"featured_media":0,"parent":0,"menu_order":0,"comment_status":"closed","ping_status":"closed","template":"","meta":{"_mi_skip_tracking":false,"footnotes":""},"class_list":["post-13343","page","type-page","status-publish","hentry"],"blocksy_meta":[],"_links":{"self":[{"href":"https:\/\/www.cocukdishekimiantalya.com\/index.php\/wp-json\/wp\/v2\/pages\/13343","targetHints":{"allow":["GET"]}}],"collection":[{"href":"https:\/\/www.cocukdishekimiantalya.com\/index.php\/wp-json\/wp\/v2\/pages"}],"about":[{"href":"https:\/\/www.cocukdishekimiantalya.com\/index.php\/wp-json\/wp\/v2\/types\/page"}],"author":[{"embeddable":true,"href":"https:\/\/www.cocukdishekimiantalya.com\/index.php\/wp-json\/wp\/v2\/users\/1"}],"replies":[{"embeddable":true,"href":"https:\/\/www.cocukdishekimiantalya.com\/index.php\/wp-json\/wp\/v2\/comments?post=13343"}],"version-history":[{"count":6,"href":"https:\/\/www.cocukdishekimiantalya.com\/index.php\/wp-json\/wp\/v2\/pages\/13343\/revisions"}],"predecessor-version":[{"id":14601,"href":"https:\/\/www.cocukdishekimiantalya.com\/index.php\/wp-json\/wp\/v2\/pages\/13343\/revisions\/14601"}],"wp:attachment":[{"href":"https:\/\/www.cocukdishekimiantalya.com\/index.php\/wp-json\/wp\/v2\/media?parent=13343"}],"curies":[{"name":"wp","href":"https:\/\/api.w.org\/{rel}","templated":true}]}}