{"id":13335,"date":"2023-04-06T19:53:15","date_gmt":"2023-04-06T19:53:15","guid":{"rendered":"https:\/\/www.cocukdishekimiantalya.com\/?page_id=13335"},"modified":"2025-11-15T19:45:46","modified_gmt":"2025-11-15T19:45:46","slug":"dis-hastaliklarinda-erken-teshis","status":"publish","type":"page","link":"https:\/\/www.cocukdishekimiantalya.com\/index.php\/dis-hastaliklarinda-erken-teshis\/","title":{"rendered":"D\u0130\u015e HASTALIKLARINDA ERKEN TE\u015eH\u0130S"},"content":{"rendered":"<h1>\u00c7ocu\u011funuzun di\u015fleri f\u0131r\u00e7alasa da s\u00fcrekli \u00e7\u00fcr\u00fcyor mu?<\/h1>\n<h3>Hi\u00e7 d\u00fc\u015f\u00fcnd\u00fcn\u00fcz m\u00fc, belki de bir di\u015f hastal\u0131\u011f\u0131na veya beslenme bozuklu\u011funa sahip olabilir.<\/h3>\n<p>\u00c7ocukluk \u00e7a\u011flar\u0131nda di\u015f hastal\u0131klar\u0131 s\u0131k\u00e7a g\u00f6r\u00fclmektedir. Ancak \u00e7o\u011fu zaman bu hastal\u0131k fark edilmeden di\u015flere dolgular yap\u0131lmakta, ancak bu di\u015fler birka\u00e7 y\u0131l i\u00e7inde tekrar \u00e7\u00fcr\u00fcmektedir. \u00c7ocukluk \u00e7a\u011f\u0131nda en s\u0131k kar\u015f\u0131la\u015ft\u0131\u011f\u0131m\u0131z di\u015f hastal\u0131klar\u0131 Molar-Keser hipomineralizasyonu, Amelogenezis ve Dentinogenezis imperfektad\u0131r. Bu hastal\u0131klar bir \u00e7ocuk di\u015f hekimi uzman\u0131 taraf\u0131ndan te\u015fhis edilip koruyucu teknikler ile tedavi edilebilmektedir. Bu hastal\u0131klar\u0131n te\u015fhisi yap\u0131lmadan yap\u0131lan her dolgu ba\u015far\u0131s\u0131zl\u0131k ihtimali i\u00e7ermektedir.<\/p>\n<h5><img fetchpriority=\"high\" decoding=\"async\" class=\"size-medium wp-image-13380 alignleft\" src=\"https:\/\/www.cocukdishekimiantalya.com\/wp-content\/uploads\/2023\/04\/A313082_1_En_3_Fig2_HTML-215x300.jpg\" alt=\"\" width=\"215\" height=\"300\" srcset=\"https:\/\/www.cocukdishekimiantalya.com\/wp-content\/uploads\/2023\/04\/A313082_1_En_3_Fig2_HTML-215x300.jpg 215w, https:\/\/www.cocukdishekimiantalya.com\/wp-content\/uploads\/2023\/04\/A313082_1_En_3_Fig2_HTML-108x150.jpg 108w, https:\/\/www.cocukdishekimiantalya.com\/wp-content\/uploads\/2023\/04\/A313082_1_En_3_Fig2_HTML.jpg 284w\" sizes=\"(max-width: 215px) 100vw, 215px\" \/>\u00c7ocu\u011funuzun hatta belkide kendi di\u015finize anestezi yap\u0131l\u0131yor ama yine de uyu\u015fmuyor mu? Belki de bir di\u015f hastal\u0131\u011f\u0131n\u0131z var<\/h5>\n<p>Molar incisor hypomineralization hastal\u0131\u011f\u0131 \u00e7ocuklarda \u00f6zellikle keser di\u015flerde ve 6ya\u015f di\u015flerinde g\u00f6r\u00fclen bir hastal\u0131kt\u0131r. Bu hastal\u0131k \u00fclke ve b\u00f6lgeye ba\u011fl\u0131 olarak %2,8 ila %25 aras\u0131nda de\u011fi\u015fen bir yayg\u0131nl\u0131\u011fa sahiptir. Genetik etmenler rol alsa da konjenital etkenlerde bu hastal\u0131\u011f\u0131n geli\u015fmesinde \u00f6nemlidir. Bu hastal\u0131\u011fa sahip di\u015flerde di\u015f yap\u0131s\u0131 normalden daha zay\u0131f olmaktad\u0131r. Bu di\u015flerin s\u0131radan dolgularla tedavi edilmesi olduk\u00e7a g\u00fc\u00e7t\u00fcr.<\/p>\n<p><img decoding=\"async\" class=\"wp-image-13381 alignright\" src=\"https:\/\/www.cocukdishekimiantalya.com\/wp-content\/uploads\/2023\/04\/mih2-647x1024.jpg\" alt=\"\" width=\"266\" height=\"421\" srcset=\"https:\/\/www.cocukdishekimiantalya.com\/wp-content\/uploads\/2023\/04\/mih2-647x1024.jpg 647w, https:\/\/www.cocukdishekimiantalya.com\/wp-content\/uploads\/2023\/04\/mih2-190x300.jpg 190w, https:\/\/www.cocukdishekimiantalya.com\/wp-content\/uploads\/2023\/04\/mih2-95x150.jpg 95w, https:\/\/www.cocukdishekimiantalya.com\/wp-content\/uploads\/2023\/04\/mih2.jpg 728w\" sizes=\"(max-width: 266px) 100vw, 266px\" \/><\/p>\n<p>Yap\u0131lan bir \u00e7al\u0131\u015fmada \u00e7o\u011fu hastan\u0131n bu hastal\u0131\u011fa sahip oldu\u011funu bilmedi\u011fi ve yap\u0131lan yanl\u0131\u015f restorasyon materyalleri sebebiyle di\u015flerini ilerleyen ya\u015flarda kaybettikleri ileri s\u00fcr\u00fclm\u00fc\u015ft\u00fcr<\/p>\n<p>&nbsp;<\/p>\n<p>Uzm. Dt. Altar Ate\u015f bu di\u015fler \u00fczerinde uygulanan dolgu tekniklerinin yap\u0131ld\u0131\u011f\u0131 bir tez \u00e7al\u0131\u015fmas\u0131nda katk\u0131da bulundu ve bir\u00e7ok Molar incisor hypomineralization hastal\u0131\u011f\u0131na sahip \u00e7ocu\u011fu tedavi etmi\u015ftir.<\/p>\n<h5>Amelogenezis ve Dentinogenezis imperfekta<\/h5>\n<p>Bu hastal\u0131k genellikle kal\u0131tsal k\u00f6kenlidir.\u00a0Amelogenesis imperfekta tan\u0131s\u0131 ne kadar erken do\u011frulan\u0131rsa sonu\u00e7 o kadar iyi olmaktad\u0131r.<\/p>\n<p>Osteogenezis imperfekta gibi sendromlar\u0131n semptomlar\u0131<br \/>\nveya Tricho-odonto-oniko-dermal sendromu da bu hastal\u0131kla bazen beraber izlenmektedir. Di\u015f hastal\u0131\u011f\u0131n\u0131n te\u015fhisi ile bu hastal\u0131klar\u0131n birlikteli\u011fi sorgulanabilmektedir.<\/p>\n<p>Genel olarak bu hastalarda di\u015f restorasyonlar\u0131n\u0131n \u00f6m\u00fcr\u00fc<br \/>\n\u00f6nemli \u00f6l\u00e7\u00fcde azalmaktad\u0131r. Yap\u0131lan bir ara\u015ft\u0131rmada do\u011fru bir tedavi ile hastalarda %80 ba\u015far\u0131ya ula\u015f\u0131lm\u0131\u015f, restorasyona ba\u011fl\u0131 olarak kimi zaman hayatta kalma oran\u0131n\u0131n 5 y\u0131ll\u0131k takiplerde \u00a0%50&#8217;ye kadar d\u00fc\u015febildi\u011fi g\u00f6sterilmektedir. Farkl\u0131 dolgu tekniklerinin bu tarz di\u015flerde hayatta kalma oranlar\u0131n\u0131 y\u00fckseltti\u011fi ortaya konulmaktad\u0131r.<\/p>\n<p>&nbsp;<\/p>\n\n\n<p><\/p>\n\n\n<p style=\"text-align: center;\"><strong>RANDEVUNU OLU\u015eTUR <\/strong>\u2b07<iframe style=\"width: 100%; height: 100vh;\" src=\"https:\/\/online.dentsoft.com.tr\/#18013040074\" frameborder=\"0\"><\/iframe><\/p>\n<p><\/p>\n<p><\/p>","protected":false},"excerpt":{"rendered":"<p>\u00c7ocu\u011funuzun di\u015fleri f\u0131r\u00e7alasa da s\u00fcrekli \u00e7\u00fcr\u00fcyor mu? Hi\u00e7 d\u00fc\u015f\u00fcnd\u00fcn\u00fcz m\u00fc, belki de bir di\u015f hastal\u0131\u011f\u0131na veya beslenme bozuklu\u011funa sahip olabilir. \u00c7ocukluk \u00e7a\u011flar\u0131nda di\u015f hastal\u0131klar\u0131 s\u0131k\u00e7a g\u00f6r\u00fclmektedir. Ancak \u00e7o\u011fu zaman bu hastal\u0131k fark edilmeden di\u015flere dolgular yap\u0131lmakta, ancak bu di\u015fler birka\u00e7 y\u0131l i\u00e7inde tekrar \u00e7\u00fcr\u00fcmektedir. \u00c7ocukluk \u00e7a\u011f\u0131nda en s\u0131k kar\u015f\u0131la\u015ft\u0131\u011f\u0131m\u0131z di\u015f hastal\u0131klar\u0131 Molar-Keser hipomineralizasyonu, Amelogenezis ve [&hellip;]<\/p>\n","protected":false},"author":1,"featured_media":0,"parent":0,"menu_order":0,"comment_status":"closed","ping_status":"closed","template":"","meta":{"_mi_skip_tracking":false,"footnotes":""},"class_list":["post-13335","page","type-page","status-publish","hentry"],"blocksy_meta":[],"_links":{"self":[{"href":"https:\/\/www.cocukdishekimiantalya.com\/index.php\/wp-json\/wp\/v2\/pages\/13335","targetHints":{"allow":["GET"]}}],"collection":[{"href":"https:\/\/www.cocukdishekimiantalya.com\/index.php\/wp-json\/wp\/v2\/pages"}],"about":[{"href":"https:\/\/www.cocukdishekimiantalya.com\/index.php\/wp-json\/wp\/v2\/types\/page"}],"author":[{"embeddable":true,"href":"https:\/\/www.cocukdishekimiantalya.com\/index.php\/wp-json\/wp\/v2\/users\/1"}],"replies":[{"embeddable":true,"href":"https:\/\/www.cocukdishekimiantalya.com\/index.php\/wp-json\/wp\/v2\/comments?post=13335"}],"version-history":[{"count":7,"href":"https:\/\/www.cocukdishekimiantalya.com\/index.php\/wp-json\/wp\/v2\/pages\/13335\/revisions"}],"predecessor-version":[{"id":14614,"href":"https:\/\/www.cocukdishekimiantalya.com\/index.php\/wp-json\/wp\/v2\/pages\/13335\/revisions\/14614"}],"wp:attachment":[{"href":"https:\/\/www.cocukdishekimiantalya.com\/index.php\/wp-json\/wp\/v2\/media?parent=13335"}],"curies":[{"name":"wp","href":"https:\/\/api.w.org\/{rel}","templated":true}]}}